{"id":2304,"date":"2024-02-03T18:07:21","date_gmt":"2024-02-03T17:07:21","guid":{"rendered":"http:\/\/indomerch.fr\/?post_type=product&#038;p=2304"},"modified":"2024-02-03T18:07:22","modified_gmt":"2024-02-03T17:07:22","slug":"pack-putain-de-stade-promo-2","status":"publish","type":"product","link":"https:\/\/indomerch.fr\/index.php\/produit\/pack-putain-de-stade-promo-2\/","title":{"rendered":"Pack \u00ab\u00a0Putain de Stade\u00a0\u00bb (Promo)"},"content":{"rendered":"","protected":false},"excerpt":{"rendered":"<p>Distribu\u00e9 \u00e0 l\u2019occasion de l\u2019avant-premi\u00e8re de la projection du DVD \u00ab Putain de Stade \u00bb, le 10 janvier 2011 au cin\u00e9ma Gaumont Marignan des Champs-Elys\u00e9es en pr\u00e9sence du groupe.<\/p>\n","protected":false},"featured_media":2267,"template":"","meta":[],"product_cat":[141],"product_tag":[270,53],"_links":{"self":[{"href":"https:\/\/indomerch.fr\/index.php\/wp-json\/wp\/v2\/product\/2304"}],"collection":[{"href":"https:\/\/indomerch.fr\/index.php\/wp-json\/wp\/v2\/product"}],"about":[{"href":"https:\/\/indomerch.fr\/index.php\/wp-json\/wp\/v2\/types\/product"}],"version-history":[{"count":1,"href":"https:\/\/indomerch.fr\/index.php\/wp-json\/wp\/v2\/product\/2304\/revisions"}],"predecessor-version":[{"id":2305,"href":"https:\/\/indomerch.fr\/index.php\/wp-json\/wp\/v2\/product\/2304\/revisions\/2305"}],"wp:featuredmedia":[{"embeddable":true,"href":"https:\/\/indomerch.fr\/index.php\/wp-json\/wp\/v2\/media\/2267"}],"wp:attachment":[{"href":"https:\/\/indomerch.fr\/index.php\/wp-json\/wp\/v2\/media?parent=2304"}],"wp:term":[{"taxonomy":"product_cat","embeddable":true,"href":"https:\/\/indomerch.fr\/index.php\/wp-json\/wp\/v2\/product_cat?post=2304"},{"taxonomy":"product_tag","embeddable":true,"href":"https:\/\/indomerch.fr\/index.php\/wp-json\/wp\/v2\/product_tag?post=2304"}],"curies":[{"name":"wp","href":"https:\/\/api.w.org\/{rel}","templated":true}]}}