{"id":2320,"date":"2024-02-03T18:43:25","date_gmt":"2024-02-03T17:43:25","guid":{"rendered":"http:\/\/indomerch.fr\/?post_type=product&#038;p=2320"},"modified":"2024-02-03T18:43:25","modified_gmt":"2024-02-03T17:43:25","slug":"coupe-vent-meteor-soldier-staff-2","status":"publish","type":"product","link":"https:\/\/indomerch.fr\/index.php\/produit\/coupe-vent-meteor-soldier-staff-2\/","title":{"rendered":"Coupe vent \u00ab Meteor Soldier \u00bb (Staff)"},"content":{"rendered":"","protected":false},"excerpt":{"rendered":"<p>Coupe vent non commercialis\u00e9, utilis\u00e9 par les \u00e9quipes techniques et du staff pour le concert au Stade de France du 26 juin 2010 \u00e0 Paris.<\/p>\n","protected":false},"featured_media":2259,"template":"","meta":[],"product_cat":[141],"product_tag":[236,242,145],"_links":{"self":[{"href":"https:\/\/indomerch.fr\/index.php\/wp-json\/wp\/v2\/product\/2320"}],"collection":[{"href":"https:\/\/indomerch.fr\/index.php\/wp-json\/wp\/v2\/product"}],"about":[{"href":"https:\/\/indomerch.fr\/index.php\/wp-json\/wp\/v2\/types\/product"}],"version-history":[{"count":1,"href":"https:\/\/indomerch.fr\/index.php\/wp-json\/wp\/v2\/product\/2320\/revisions"}],"predecessor-version":[{"id":2321,"href":"https:\/\/indomerch.fr\/index.php\/wp-json\/wp\/v2\/product\/2320\/revisions\/2321"}],"wp:featuredmedia":[{"embeddable":true,"href":"https:\/\/indomerch.fr\/index.php\/wp-json\/wp\/v2\/media\/2259"}],"wp:attachment":[{"href":"https:\/\/indomerch.fr\/index.php\/wp-json\/wp\/v2\/media?parent=2320"}],"wp:term":[{"taxonomy":"product_cat","embeddable":true,"href":"https:\/\/indomerch.fr\/index.php\/wp-json\/wp\/v2\/product_cat?post=2320"},{"taxonomy":"product_tag","embeddable":true,"href":"https:\/\/indomerch.fr\/index.php\/wp-json\/wp\/v2\/product_tag?post=2320"}],"curies":[{"name":"wp","href":"https:\/\/api.w.org\/{rel}","templated":true}]}}