{"id":233,"date":"2020-11-05T14:34:08","date_gmt":"2020-11-05T13:34:08","guid":{"rendered":"http:\/\/indomerch.fr\/?post_type=product&#038;p=233"},"modified":"2021-12-11T19:06:19","modified_gmt":"2021-12-11T18:06:19","slug":"etui-3-crayons-indochine","status":"publish","type":"product","link":"https:\/\/indomerch.fr\/index.php\/produit\/etui-3-crayons-indochine\/","title":{"rendered":"\u00c9tui de 3 crayons \u00ab\u00a0Indochine\u00a0\u00bb"},"content":{"rendered":"","protected":false},"excerpt":{"rendered":"<p><span class=\"\">Bo\u00eete cartonn\u00e9e contenant trois crayons \u00e0 papier.<\/span><\/p>\n<p><span class=\"\">Elle a \u00e9t\u00e9 vendue en premier lieu sur le merchandising du concert au Trianon \u00e0 Paris le 9 d\u00e9cembre 2015. Les bo\u00eetes \u00e9taient d\u00e9dicac\u00e9es par le groupe. Ce coffret de trois crayons a ensuite \u00e9t\u00e9 mis en ligne sur l&rsquo;IndoShop le 26 avril 2016 au prix de 15 \u20ac (sans signature).<\/span><\/p>\n","protected":false},"featured_media":208,"template":"","meta":[],"product_cat":[34],"product_tag":[57,51],"_links":{"self":[{"href":"https:\/\/indomerch.fr\/index.php\/wp-json\/wp\/v2\/product\/233"}],"collection":[{"href":"https:\/\/indomerch.fr\/index.php\/wp-json\/wp\/v2\/product"}],"about":[{"href":"https:\/\/indomerch.fr\/index.php\/wp-json\/wp\/v2\/types\/product"}],"version-history":[{"count":2,"href":"https:\/\/indomerch.fr\/index.php\/wp-json\/wp\/v2\/product\/233\/revisions"}],"predecessor-version":[{"id":1449,"href":"https:\/\/indomerch.fr\/index.php\/wp-json\/wp\/v2\/product\/233\/revisions\/1449"}],"wp:featuredmedia":[{"embeddable":true,"href":"https:\/\/indomerch.fr\/index.php\/wp-json\/wp\/v2\/media\/208"}],"wp:attachment":[{"href":"https:\/\/indomerch.fr\/index.php\/wp-json\/wp\/v2\/media?parent=233"}],"wp:term":[{"taxonomy":"product_cat","embeddable":true,"href":"https:\/\/indomerch.fr\/index.php\/wp-json\/wp\/v2\/product_cat?post=233"},{"taxonomy":"product_tag","embeddable":true,"href":"https:\/\/indomerch.fr\/index.php\/wp-json\/wp\/v2\/product_tag?post=233"}],"curies":[{"name":"wp","href":"https:\/\/api.w.org\/{rel}","templated":true}]}}