{"id":2345,"date":"2024-02-11T16:32:27","date_gmt":"2024-02-11T15:32:27","guid":{"rendered":"http:\/\/indomerch.fr\/?post_type=product&#038;p=2345"},"modified":"2024-03-30T11:04:38","modified_gmt":"2024-03-30T10:04:38","slug":"coupe-vent-dancetaria-tour-staff","status":"publish","type":"product","link":"https:\/\/indomerch.fr\/index.php\/produit\/coupe-vent-dancetaria-tour-staff\/","title":{"rendered":"Blouson \u00ab Dancetaria Tour \u00bb (Staff)"},"content":{"rendered":"","protected":false},"excerpt":{"rendered":"<p>Blouson non commercialis\u00e9, utilis\u00e9 par les \u00e9quipes techniques et du staff pour la tourn\u00e9e du \u00ab\u00a0Dancetaria Tour\u00a0\u00bb en 1999\/2000.<\/p>\n","protected":false},"featured_media":2256,"template":"","meta":[],"product_cat":[30],"product_tag":[284,213,145],"_links":{"self":[{"href":"https:\/\/indomerch.fr\/index.php\/wp-json\/wp\/v2\/product\/2345"}],"collection":[{"href":"https:\/\/indomerch.fr\/index.php\/wp-json\/wp\/v2\/product"}],"about":[{"href":"https:\/\/indomerch.fr\/index.php\/wp-json\/wp\/v2\/types\/product"}],"version-history":[{"count":3,"href":"https:\/\/indomerch.fr\/index.php\/wp-json\/wp\/v2\/product\/2345\/revisions"}],"predecessor-version":[{"id":2450,"href":"https:\/\/indomerch.fr\/index.php\/wp-json\/wp\/v2\/product\/2345\/revisions\/2450"}],"wp:featuredmedia":[{"embeddable":true,"href":"https:\/\/indomerch.fr\/index.php\/wp-json\/wp\/v2\/media\/2256"}],"wp:attachment":[{"href":"https:\/\/indomerch.fr\/index.php\/wp-json\/wp\/v2\/media?parent=2345"}],"wp:term":[{"taxonomy":"product_cat","embeddable":true,"href":"https:\/\/indomerch.fr\/index.php\/wp-json\/wp\/v2\/product_cat?post=2345"},{"taxonomy":"product_tag","embeddable":true,"href":"https:\/\/indomerch.fr\/index.php\/wp-json\/wp\/v2\/product_tag?post=2345"}],"curies":[{"name":"wp","href":"https:\/\/api.w.org\/{rel}","templated":true}]}}