{"id":2357,"date":"2024-02-11T16:57:30","date_gmt":"2024-02-11T15:57:30","guid":{"rendered":"http:\/\/indomerch.fr\/?post_type=product&#038;p=2357"},"modified":"2024-02-11T16:57:31","modified_gmt":"2024-02-11T15:57:31","slug":"t-shirt-alice-june-tour-montreal","status":"publish","type":"product","link":"https:\/\/indomerch.fr\/index.php\/produit\/t-shirt-alice-june-tour-montreal\/","title":{"rendered":"T-shirt \u00ab Alice &#038; June Tour \u2013 Montr\u00e9al \u00bb"},"content":{"rendered":"","protected":false},"excerpt":{"rendered":"<p>Vendu uniquement \u00e0 l\u2019occasion des concerts des 16 et 17 juin 2006 \u00e0 Montr\u00e9al (Canada) durant la tourn\u00e9e \u00ab Alice &amp; June Tour \u00bb, au prix de 25 \u20ac. Disponible en deux coupes : Femme et homme.<\/p>\n","protected":false},"featured_media":2342,"template":"","meta":[],"product_cat":[32],"product_tag":[150,276,45],"_links":{"self":[{"href":"https:\/\/indomerch.fr\/index.php\/wp-json\/wp\/v2\/product\/2357"}],"collection":[{"href":"https:\/\/indomerch.fr\/index.php\/wp-json\/wp\/v2\/product"}],"about":[{"href":"https:\/\/indomerch.fr\/index.php\/wp-json\/wp\/v2\/types\/product"}],"version-history":[{"count":1,"href":"https:\/\/indomerch.fr\/index.php\/wp-json\/wp\/v2\/product\/2357\/revisions"}],"predecessor-version":[{"id":2358,"href":"https:\/\/indomerch.fr\/index.php\/wp-json\/wp\/v2\/product\/2357\/revisions\/2358"}],"wp:featuredmedia":[{"embeddable":true,"href":"https:\/\/indomerch.fr\/index.php\/wp-json\/wp\/v2\/media\/2342"}],"wp:attachment":[{"href":"https:\/\/indomerch.fr\/index.php\/wp-json\/wp\/v2\/media?parent=2357"}],"wp:term":[{"taxonomy":"product_cat","embeddable":true,"href":"https:\/\/indomerch.fr\/index.php\/wp-json\/wp\/v2\/product_cat?post=2357"},{"taxonomy":"product_tag","embeddable":true,"href":"https:\/\/indomerch.fr\/index.php\/wp-json\/wp\/v2\/product_tag?post=2357"}],"curies":[{"name":"wp","href":"https:\/\/api.w.org\/{rel}","templated":true}]}}