{"id":2363,"date":"2024-02-11T17:10:39","date_gmt":"2024-02-11T16:10:39","guid":{"rendered":"http:\/\/indomerch.fr\/?post_type=product&#038;p=2363"},"modified":"2024-02-11T17:10:40","modified_gmt":"2024-02-11T16:10:40","slug":"pass-birthday-concert","status":"publish","type":"product","link":"https:\/\/indomerch.fr\/index.php\/produit\/pass-birthday-concert\/","title":{"rendered":"Pass \u00ab Birthday Concert \u00bb"},"content":{"rendered":"","protected":false},"excerpt":{"rendered":"<p>Pass de concert \u00ab Birthday Concert \u00bb (All Access) utilis\u00e9 par certains membres du staff durant le concert du 16 juin 1992 \u00e0 l&rsquo;Olympia \u00e0 Paris.<\/p>\n","protected":false},"featured_media":2260,"template":"","meta":[],"product_cat":[26],"product_tag":[248,277,193],"_links":{"self":[{"href":"https:\/\/indomerch.fr\/index.php\/wp-json\/wp\/v2\/product\/2363"}],"collection":[{"href":"https:\/\/indomerch.fr\/index.php\/wp-json\/wp\/v2\/product"}],"about":[{"href":"https:\/\/indomerch.fr\/index.php\/wp-json\/wp\/v2\/types\/product"}],"version-history":[{"count":1,"href":"https:\/\/indomerch.fr\/index.php\/wp-json\/wp\/v2\/product\/2363\/revisions"}],"predecessor-version":[{"id":2364,"href":"https:\/\/indomerch.fr\/index.php\/wp-json\/wp\/v2\/product\/2363\/revisions\/2364"}],"wp:featuredmedia":[{"embeddable":true,"href":"https:\/\/indomerch.fr\/index.php\/wp-json\/wp\/v2\/media\/2260"}],"wp:attachment":[{"href":"https:\/\/indomerch.fr\/index.php\/wp-json\/wp\/v2\/media?parent=2363"}],"wp:term":[{"taxonomy":"product_cat","embeddable":true,"href":"https:\/\/indomerch.fr\/index.php\/wp-json\/wp\/v2\/product_cat?post=2363"},{"taxonomy":"product_tag","embeddable":true,"href":"https:\/\/indomerch.fr\/index.php\/wp-json\/wp\/v2\/product_tag?post=2363"}],"curies":[{"name":"wp","href":"https:\/\/api.w.org\/{rel}","templated":true}]}}