{"id":2381,"date":"2024-02-18T10:32:19","date_gmt":"2024-02-18T09:32:19","guid":{"rendered":"http:\/\/indomerch.fr\/?post_type=product&#038;p=2381"},"modified":"2024-02-18T10:32:19","modified_gmt":"2024-02-18T09:32:19","slug":"t-shirt-6-6-6","status":"publish","type":"product","link":"https:\/\/indomerch.fr\/index.php\/produit\/t-shirt-6-6-6\/","title":{"rendered":"T-shirt \u00ab 6.6.6 \u00bb"},"content":{"rendered":"","protected":false},"excerpt":{"rendered":"<p>Vendu uniquement sur l\u2019Indoshop \u00e0 compter du mois d&rsquo;octobre 2005, au prix de 16 \u20ac.<\/p>\n<p>Ce t-shirt annon\u00e7ait le futur concert surprise pour les 25 ans du groupe \u00e0 Hano\u00ef le 6 juin 2006 (mais aussi le 7 juin 2006).<\/p>\n","protected":false},"featured_media":2373,"template":"","meta":[],"product_cat":[32],"product_tag":[278,45],"_links":{"self":[{"href":"https:\/\/indomerch.fr\/index.php\/wp-json\/wp\/v2\/product\/2381"}],"collection":[{"href":"https:\/\/indomerch.fr\/index.php\/wp-json\/wp\/v2\/product"}],"about":[{"href":"https:\/\/indomerch.fr\/index.php\/wp-json\/wp\/v2\/types\/product"}],"version-history":[{"count":1,"href":"https:\/\/indomerch.fr\/index.php\/wp-json\/wp\/v2\/product\/2381\/revisions"}],"predecessor-version":[{"id":2382,"href":"https:\/\/indomerch.fr\/index.php\/wp-json\/wp\/v2\/product\/2381\/revisions\/2382"}],"wp:featuredmedia":[{"embeddable":true,"href":"https:\/\/indomerch.fr\/index.php\/wp-json\/wp\/v2\/media\/2373"}],"wp:attachment":[{"href":"https:\/\/indomerch.fr\/index.php\/wp-json\/wp\/v2\/media?parent=2381"}],"wp:term":[{"taxonomy":"product_cat","embeddable":true,"href":"https:\/\/indomerch.fr\/index.php\/wp-json\/wp\/v2\/product_cat?post=2381"},{"taxonomy":"product_tag","embeddable":true,"href":"https:\/\/indomerch.fr\/index.php\/wp-json\/wp\/v2\/product_tag?post=2381"}],"curies":[{"name":"wp","href":"https:\/\/api.w.org\/{rel}","templated":true}]}}