{"id":2383,"date":"2024-02-18T10:39:24","date_gmt":"2024-02-18T09:39:24","guid":{"rendered":"http:\/\/indomerch.fr\/?post_type=product&#038;p=2383"},"modified":"2024-02-18T10:39:24","modified_gmt":"2024-02-18T09:39:24","slug":"t-shirt-papillon","status":"publish","type":"product","link":"https:\/\/indomerch.fr\/index.php\/produit\/t-shirt-papillon\/","title":{"rendered":"T-shirt \u00ab Papillon \u00bb"},"content":{"rendered":"","protected":false},"excerpt":{"rendered":"<p>Vendu sur l\u2019Indoshop \u00e0 compter du mois de janvier 2007 et sur la deuxi\u00e8me partie de la tourn\u00e9e \u00ab\u00a0Alice &amp; June Tour\u00a0\u00bb, au prix de 25 \u20ac en coupe femme uniquement. Ce mod\u00e8le a \u00e9galement \u00e9t\u00e9 vendu en taille b\u00e9b\u00e9 (4\/6 ans et 8\/10 ans), au prix de 20 \u20ac.<\/p>\n","protected":false},"featured_media":2377,"template":"","meta":[],"product_cat":[32],"product_tag":[161,279,45],"_links":{"self":[{"href":"https:\/\/indomerch.fr\/index.php\/wp-json\/wp\/v2\/product\/2383"}],"collection":[{"href":"https:\/\/indomerch.fr\/index.php\/wp-json\/wp\/v2\/product"}],"about":[{"href":"https:\/\/indomerch.fr\/index.php\/wp-json\/wp\/v2\/types\/product"}],"version-history":[{"count":1,"href":"https:\/\/indomerch.fr\/index.php\/wp-json\/wp\/v2\/product\/2383\/revisions"}],"predecessor-version":[{"id":2384,"href":"https:\/\/indomerch.fr\/index.php\/wp-json\/wp\/v2\/product\/2383\/revisions\/2384"}],"wp:featuredmedia":[{"embeddable":true,"href":"https:\/\/indomerch.fr\/index.php\/wp-json\/wp\/v2\/media\/2377"}],"wp:attachment":[{"href":"https:\/\/indomerch.fr\/index.php\/wp-json\/wp\/v2\/media?parent=2383"}],"wp:term":[{"taxonomy":"product_cat","embeddable":true,"href":"https:\/\/indomerch.fr\/index.php\/wp-json\/wp\/v2\/product_cat?post=2383"},{"taxonomy":"product_tag","embeddable":true,"href":"https:\/\/indomerch.fr\/index.php\/wp-json\/wp\/v2\/product_tag?post=2383"}],"curies":[{"name":"wp","href":"https:\/\/api.w.org\/{rel}","templated":true}]}}