{"id":2402,"date":"2024-03-16T17:57:51","date_gmt":"2024-03-16T16:57:51","guid":{"rendered":"http:\/\/indomerch.fr\/?post_type=product&#038;p=2402"},"modified":"2024-03-16T17:57:51","modified_gmt":"2024-03-16T16:57:51","slug":"t-shirt-groupe-2006","status":"publish","type":"product","link":"https:\/\/indomerch.fr\/index.php\/produit\/t-shirt-groupe-2006\/","title":{"rendered":"T-shirt \u00ab Groupe \u00bb (2006)"},"content":{"rendered":"","protected":false},"excerpt":{"rendered":"<div class=\"woocommerce-product-details__short-description\">\n<p>Vendu uniquement sur l\u2019Indoshop \u00e0 compter du mois de mars 2006, au prix de 25 \u20ac.<\/p>\n<p>Ce t-shirt annon\u00e7ait le d\u00e9but de la tourn\u00e9e \u00ab\u00a0Alice &amp; June Tour\u00a0\u00bb en 2006\/2007 et reprend une photo embl\u00e9matique du groupe \u00e0 cette \u00e9poque.<\/p>\n<\/div>\n","protected":false},"featured_media":2398,"template":"","meta":[],"product_cat":[32],"product_tag":[150,131,45],"_links":{"self":[{"href":"https:\/\/indomerch.fr\/index.php\/wp-json\/wp\/v2\/product\/2402"}],"collection":[{"href":"https:\/\/indomerch.fr\/index.php\/wp-json\/wp\/v2\/product"}],"about":[{"href":"https:\/\/indomerch.fr\/index.php\/wp-json\/wp\/v2\/types\/product"}],"version-history":[{"count":1,"href":"https:\/\/indomerch.fr\/index.php\/wp-json\/wp\/v2\/product\/2402\/revisions"}],"predecessor-version":[{"id":2403,"href":"https:\/\/indomerch.fr\/index.php\/wp-json\/wp\/v2\/product\/2402\/revisions\/2403"}],"wp:featuredmedia":[{"embeddable":true,"href":"https:\/\/indomerch.fr\/index.php\/wp-json\/wp\/v2\/media\/2398"}],"wp:attachment":[{"href":"https:\/\/indomerch.fr\/index.php\/wp-json\/wp\/v2\/media?parent=2402"}],"wp:term":[{"taxonomy":"product_cat","embeddable":true,"href":"https:\/\/indomerch.fr\/index.php\/wp-json\/wp\/v2\/product_cat?post=2402"},{"taxonomy":"product_tag","embeddable":true,"href":"https:\/\/indomerch.fr\/index.php\/wp-json\/wp\/v2\/product_tag?post=2402"}],"curies":[{"name":"wp","href":"https:\/\/api.w.org\/{rel}","templated":true}]}}