{"id":2404,"date":"2024-03-16T18:10:05","date_gmt":"2024-03-16T17:10:05","guid":{"rendered":"http:\/\/indomerch.fr\/?post_type=product&#038;p=2404"},"modified":"2024-03-16T18:10:05","modified_gmt":"2024-03-16T17:10:05","slug":"t-shirt-fleur-gris","status":"publish","type":"product","link":"https:\/\/indomerch.fr\/index.php\/produit\/t-shirt-fleur-gris\/","title":{"rendered":"T-shirt \u00ab Fleur \u00bb (gris)"},"content":{"rendered":"","protected":false},"excerpt":{"rendered":"<div class=\"woocommerce-product-details__short-description\">\n<div class=\"woocommerce-product-details__short-description\">\n<p>Vendu sur l\u2019Indoshop \u00e0 compter du mois de septembre 2006, mais aussi pendant la deuxi\u00e8me partie de la tourn\u00e9e \u00ab\u00a0Alice &amp; June Tour\u00a0\u00bb en 2006 et 2007, au prix de 25 \u20ac.<\/p>\n<p>&nbsp;<\/p>\n<\/div>\n<\/div>\n","protected":false},"featured_media":2396,"template":"","meta":[],"product_cat":[32],"product_tag":[150,281,45],"_links":{"self":[{"href":"https:\/\/indomerch.fr\/index.php\/wp-json\/wp\/v2\/product\/2404"}],"collection":[{"href":"https:\/\/indomerch.fr\/index.php\/wp-json\/wp\/v2\/product"}],"about":[{"href":"https:\/\/indomerch.fr\/index.php\/wp-json\/wp\/v2\/types\/product"}],"version-history":[{"count":1,"href":"https:\/\/indomerch.fr\/index.php\/wp-json\/wp\/v2\/product\/2404\/revisions"}],"predecessor-version":[{"id":2405,"href":"https:\/\/indomerch.fr\/index.php\/wp-json\/wp\/v2\/product\/2404\/revisions\/2405"}],"wp:featuredmedia":[{"embeddable":true,"href":"https:\/\/indomerch.fr\/index.php\/wp-json\/wp\/v2\/media\/2396"}],"wp:attachment":[{"href":"https:\/\/indomerch.fr\/index.php\/wp-json\/wp\/v2\/media?parent=2404"}],"wp:term":[{"taxonomy":"product_cat","embeddable":true,"href":"https:\/\/indomerch.fr\/index.php\/wp-json\/wp\/v2\/product_cat?post=2404"},{"taxonomy":"product_tag","embeddable":true,"href":"https:\/\/indomerch.fr\/index.php\/wp-json\/wp\/v2\/product_tag?post=2404"}],"curies":[{"name":"wp","href":"https:\/\/api.w.org\/{rel}","templated":true}]}}