{"id":2508,"date":"2024-06-09T17:02:02","date_gmt":"2024-06-09T15:02:02","guid":{"rendered":"http:\/\/indomerch.fr\/?post_type=product&#038;p=2508"},"modified":"2024-06-09T17:02:02","modified_gmt":"2024-06-09T15:02:02","slug":"boite-de-6-mediators-indochine-prototype","status":"publish","type":"product","link":"https:\/\/indomerch.fr\/index.php\/produit\/boite-de-6-mediators-indochine-prototype\/","title":{"rendered":"Bo\u00eete de 6 m\u00e9diators \u00ab Indochine \u00bb (Prototype)"},"content":{"rendered":"","protected":false},"excerpt":{"rendered":"<p><span class=\"\">Bo\u00eete en m\u00e9tal contenant 6 m\u00e9diators. Exemplaire prototype non commercialis\u00e9.<br \/>\n<\/span><\/p>\n","protected":false},"featured_media":2501,"template":"","meta":[],"product_cat":[33],"product_tag":[74,72,288],"_links":{"self":[{"href":"https:\/\/indomerch.fr\/index.php\/wp-json\/wp\/v2\/product\/2508"}],"collection":[{"href":"https:\/\/indomerch.fr\/index.php\/wp-json\/wp\/v2\/product"}],"about":[{"href":"https:\/\/indomerch.fr\/index.php\/wp-json\/wp\/v2\/types\/product"}],"version-history":[{"count":2,"href":"https:\/\/indomerch.fr\/index.php\/wp-json\/wp\/v2\/product\/2508\/revisions"}],"predecessor-version":[{"id":2510,"href":"https:\/\/indomerch.fr\/index.php\/wp-json\/wp\/v2\/product\/2508\/revisions\/2510"}],"wp:featuredmedia":[{"embeddable":true,"href":"https:\/\/indomerch.fr\/index.php\/wp-json\/wp\/v2\/media\/2501"}],"wp:attachment":[{"href":"https:\/\/indomerch.fr\/index.php\/wp-json\/wp\/v2\/media?parent=2508"}],"wp:term":[{"taxonomy":"product_cat","embeddable":true,"href":"https:\/\/indomerch.fr\/index.php\/wp-json\/wp\/v2\/product_cat?post=2508"},{"taxonomy":"product_tag","embeddable":true,"href":"https:\/\/indomerch.fr\/index.php\/wp-json\/wp\/v2\/product_tag?post=2508"}],"curies":[{"name":"wp","href":"https:\/\/api.w.org\/{rel}","templated":true}]}}