{"id":2527,"date":"2024-06-15T19:45:35","date_gmt":"2024-06-15T17:45:35","guid":{"rendered":"http:\/\/indomerch.fr\/?post_type=product&#038;p=2527"},"modified":"2024-06-15T19:45:35","modified_gmt":"2024-06-15T17:45:35","slug":"t-shirt-hanoi","status":"publish","type":"product","link":"https:\/\/indomerch.fr\/index.php\/produit\/t-shirt-hanoi\/","title":{"rendered":"T-shirt \u00ab\u00a0Hano\u00ef\u00a0\u00bb"},"content":{"rendered":"","protected":false},"excerpt":{"rendered":"<p>Vendu \u00e0 l&rsquo;occasion des concerts exceptionnels des 6 et 7 juin 2006 \u00e0 l&rsquo;op\u00e9ra d&rsquo;Hano\u00ef, pour f\u00eater les 25 ans du groupe.<\/p>\n<p>Ce t-shirt \u00e9tait aussi port\u00e9 par les \u00e9quipes techniques et le groupe.<\/p>\n","protected":false},"featured_media":728,"template":"","meta":[],"product_cat":[32],"product_tag":[289,45],"_links":{"self":[{"href":"https:\/\/indomerch.fr\/index.php\/wp-json\/wp\/v2\/product\/2527"}],"collection":[{"href":"https:\/\/indomerch.fr\/index.php\/wp-json\/wp\/v2\/product"}],"about":[{"href":"https:\/\/indomerch.fr\/index.php\/wp-json\/wp\/v2\/types\/product"}],"version-history":[{"count":1,"href":"https:\/\/indomerch.fr\/index.php\/wp-json\/wp\/v2\/product\/2527\/revisions"}],"predecessor-version":[{"id":2528,"href":"https:\/\/indomerch.fr\/index.php\/wp-json\/wp\/v2\/product\/2527\/revisions\/2528"}],"wp:featuredmedia":[{"embeddable":true,"href":"https:\/\/indomerch.fr\/index.php\/wp-json\/wp\/v2\/media\/728"}],"wp:attachment":[{"href":"https:\/\/indomerch.fr\/index.php\/wp-json\/wp\/v2\/media?parent=2527"}],"wp:term":[{"taxonomy":"product_cat","embeddable":true,"href":"https:\/\/indomerch.fr\/index.php\/wp-json\/wp\/v2\/product_cat?post=2527"},{"taxonomy":"product_tag","embeddable":true,"href":"https:\/\/indomerch.fr\/index.php\/wp-json\/wp\/v2\/product_tag?post=2527"}],"curies":[{"name":"wp","href":"https:\/\/api.w.org\/{rel}","templated":true}]}}