{"id":2533,"date":"2024-06-22T15:19:25","date_gmt":"2024-06-22T13:19:25","guid":{"rendered":"http:\/\/indomerch.fr\/?post_type=product&#038;p=2533"},"modified":"2024-06-22T15:19:26","modified_gmt":"2024-06-22T13:19:26","slug":"blouson-alice-june-tour-staff","status":"publish","type":"product","link":"https:\/\/indomerch.fr\/index.php\/produit\/blouson-alice-june-tour-staff\/","title":{"rendered":"Blouson \u00ab Alice &#038; June Tour \u00bb (Staff)"},"content":{"rendered":"","protected":false},"excerpt":{"rendered":"<p>Blouson non commercialis\u00e9, utilis\u00e9 par les \u00e9quipes techniques et du staff pour la tourn\u00e9e \u00ab Alice &amp; June Tour \u00bb en 2006\/2007.<\/p>\n","protected":false},"featured_media":2529,"template":"","meta":[],"product_cat":[32],"product_tag":[150,284,145],"_links":{"self":[{"href":"https:\/\/indomerch.fr\/index.php\/wp-json\/wp\/v2\/product\/2533"}],"collection":[{"href":"https:\/\/indomerch.fr\/index.php\/wp-json\/wp\/v2\/product"}],"about":[{"href":"https:\/\/indomerch.fr\/index.php\/wp-json\/wp\/v2\/types\/product"}],"version-history":[{"count":1,"href":"https:\/\/indomerch.fr\/index.php\/wp-json\/wp\/v2\/product\/2533\/revisions"}],"predecessor-version":[{"id":2534,"href":"https:\/\/indomerch.fr\/index.php\/wp-json\/wp\/v2\/product\/2533\/revisions\/2534"}],"wp:featuredmedia":[{"embeddable":true,"href":"https:\/\/indomerch.fr\/index.php\/wp-json\/wp\/v2\/media\/2529"}],"wp:attachment":[{"href":"https:\/\/indomerch.fr\/index.php\/wp-json\/wp\/v2\/media?parent=2533"}],"wp:term":[{"taxonomy":"product_cat","embeddable":true,"href":"https:\/\/indomerch.fr\/index.php\/wp-json\/wp\/v2\/product_cat?post=2533"},{"taxonomy":"product_tag","embeddable":true,"href":"https:\/\/indomerch.fr\/index.php\/wp-json\/wp\/v2\/product_tag?post=2533"}],"curies":[{"name":"wp","href":"https:\/\/api.w.org\/{rel}","templated":true}]}}