{"id":2535,"date":"2024-06-22T15:23:01","date_gmt":"2024-06-22T13:23:01","guid":{"rendered":"http:\/\/indomerch.fr\/?post_type=product&#038;p=2535"},"modified":"2024-06-22T15:23:02","modified_gmt":"2024-06-22T13:23:02","slug":"blouson-alice-june-tour-staff-2","status":"publish","type":"product","link":"https:\/\/indomerch.fr\/index.php\/produit\/blouson-alice-june-tour-staff-2\/","title":{"rendered":"Blouson \u00ab Alice &#038; June Tour \u00bb (Staff)"},"content":{"rendered":"","protected":false},"excerpt":{"rendered":"<p>Blouson non commercialis\u00e9, utilis\u00e9 par les \u00e9quipes techniques et du staff pour la tourn\u00e9e \u00ab Alice &amp; June Tour \u00bb en 2006\/2007.<\/p>\n","protected":false},"featured_media":2529,"template":"","meta":[],"product_cat":[141],"product_tag":[150,284,145],"_links":{"self":[{"href":"https:\/\/indomerch.fr\/index.php\/wp-json\/wp\/v2\/product\/2535"}],"collection":[{"href":"https:\/\/indomerch.fr\/index.php\/wp-json\/wp\/v2\/product"}],"about":[{"href":"https:\/\/indomerch.fr\/index.php\/wp-json\/wp\/v2\/types\/product"}],"version-history":[{"count":1,"href":"https:\/\/indomerch.fr\/index.php\/wp-json\/wp\/v2\/product\/2535\/revisions"}],"predecessor-version":[{"id":2536,"href":"https:\/\/indomerch.fr\/index.php\/wp-json\/wp\/v2\/product\/2535\/revisions\/2536"}],"wp:featuredmedia":[{"embeddable":true,"href":"https:\/\/indomerch.fr\/index.php\/wp-json\/wp\/v2\/media\/2529"}],"wp:attachment":[{"href":"https:\/\/indomerch.fr\/index.php\/wp-json\/wp\/v2\/media?parent=2535"}],"wp:term":[{"taxonomy":"product_cat","embeddable":true,"href":"https:\/\/indomerch.fr\/index.php\/wp-json\/wp\/v2\/product_cat?post=2535"},{"taxonomy":"product_tag","embeddable":true,"href":"https:\/\/indomerch.fr\/index.php\/wp-json\/wp\/v2\/product_tag?post=2535"}],"curies":[{"name":"wp","href":"https:\/\/api.w.org\/{rel}","templated":true}]}}