{"id":2557,"date":"2024-10-26T11:26:59","date_gmt":"2024-10-26T09:26:59","guid":{"rendered":"https:\/\/indomerch.fr\/?post_type=product&#038;p=2557"},"modified":"2024-10-26T11:27:00","modified_gmt":"2024-10-26T09:27:00","slug":"porte-cles-guitare","status":"publish","type":"product","link":"https:\/\/indomerch.fr\/index.php\/produit\/porte-cles-guitare\/","title":{"rendered":"Porte-cl\u00e9s \u00ab\u00a0Guitare\u00a0\u00bb"},"content":{"rendered":"","protected":false},"excerpt":{"rendered":"<p>Mis en vente entre le 21 et le 23 septembre 2024 \u00e0 la boutique \u00e9ph\u00e9m\u00e8re \u00e0 Paris (Pop-Up Store) puis en ligne sur l&rsquo;IndoShop \u00e0 compter du 24 octobre 2024 au prix de 10 \u20ac.<\/p>\n","protected":false},"featured_media":2556,"template":"","meta":[],"product_cat":[290],"product_tag":[292,293,54],"_links":{"self":[{"href":"https:\/\/indomerch.fr\/index.php\/wp-json\/wp\/v2\/product\/2557"}],"collection":[{"href":"https:\/\/indomerch.fr\/index.php\/wp-json\/wp\/v2\/product"}],"about":[{"href":"https:\/\/indomerch.fr\/index.php\/wp-json\/wp\/v2\/types\/product"}],"version-history":[{"count":1,"href":"https:\/\/indomerch.fr\/index.php\/wp-json\/wp\/v2\/product\/2557\/revisions"}],"predecessor-version":[{"id":2558,"href":"https:\/\/indomerch.fr\/index.php\/wp-json\/wp\/v2\/product\/2557\/revisions\/2558"}],"wp:featuredmedia":[{"embeddable":true,"href":"https:\/\/indomerch.fr\/index.php\/wp-json\/wp\/v2\/media\/2556"}],"wp:attachment":[{"href":"https:\/\/indomerch.fr\/index.php\/wp-json\/wp\/v2\/media?parent=2557"}],"wp:term":[{"taxonomy":"product_cat","embeddable":true,"href":"https:\/\/indomerch.fr\/index.php\/wp-json\/wp\/v2\/product_cat?post=2557"},{"taxonomy":"product_tag","embeddable":true,"href":"https:\/\/indomerch.fr\/index.php\/wp-json\/wp\/v2\/product_tag?post=2557"}],"curies":[{"name":"wp","href":"https:\/\/api.w.org\/{rel}","templated":true}]}}