{"id":2561,"date":"2024-12-22T18:45:57","date_gmt":"2024-12-22T17:45:57","guid":{"rendered":"https:\/\/indomerch.fr\/?post_type=product&#038;p=2561"},"modified":"2024-12-22T18:45:57","modified_gmt":"2024-12-22T17:45:57","slug":"affiche-noel-babel-show","status":"publish","type":"product","link":"https:\/\/indomerch.fr\/index.php\/produit\/affiche-noel-babel-show\/","title":{"rendered":"Affiche \u00ab\u00a0No\u00ebl Babel Show\u00a0\u00bb"},"content":{"rendered":"","protected":false},"excerpt":{"rendered":"<p>Distribu\u00e9e gratuitement et uniquement \u00e0 la sortie du concert exceptionnel du \u00ab\u00a0No\u00ebl Babel Show\u00a0\u00bb du 9 d\u00e9cembre 2024, \u00e0 l&rsquo;Elys\u00e9e Montmartre.<\/p>\n","protected":false},"featured_media":2559,"template":"","meta":[],"product_cat":[290],"product_tag":[241,292,294],"_links":{"self":[{"href":"https:\/\/indomerch.fr\/index.php\/wp-json\/wp\/v2\/product\/2561"}],"collection":[{"href":"https:\/\/indomerch.fr\/index.php\/wp-json\/wp\/v2\/product"}],"about":[{"href":"https:\/\/indomerch.fr\/index.php\/wp-json\/wp\/v2\/types\/product"}],"version-history":[{"count":1,"href":"https:\/\/indomerch.fr\/index.php\/wp-json\/wp\/v2\/product\/2561\/revisions"}],"predecessor-version":[{"id":2562,"href":"https:\/\/indomerch.fr\/index.php\/wp-json\/wp\/v2\/product\/2561\/revisions\/2562"}],"wp:featuredmedia":[{"embeddable":true,"href":"https:\/\/indomerch.fr\/index.php\/wp-json\/wp\/v2\/media\/2559"}],"wp:attachment":[{"href":"https:\/\/indomerch.fr\/index.php\/wp-json\/wp\/v2\/media?parent=2561"}],"wp:term":[{"taxonomy":"product_cat","embeddable":true,"href":"https:\/\/indomerch.fr\/index.php\/wp-json\/wp\/v2\/product_cat?post=2561"},{"taxonomy":"product_tag","embeddable":true,"href":"https:\/\/indomerch.fr\/index.php\/wp-json\/wp\/v2\/product_tag?post=2561"}],"curies":[{"name":"wp","href":"https:\/\/api.w.org\/{rel}","templated":true}]}}