{"id":2578,"date":"2025-01-25T19:59:16","date_gmt":"2025-01-25T18:59:16","guid":{"rendered":"https:\/\/indomerch.fr\/?post_type=product&#038;p=2578"},"modified":"2025-01-25T19:59:16","modified_gmt":"2025-01-25T18:59:16","slug":"debardeur-loose","status":"publish","type":"product","link":"https:\/\/indomerch.fr\/index.php\/produit\/debardeur-loose\/","title":{"rendered":"D\u00e9bardeur \u00ab\u00a0Loose\u00a0\u00bb"},"content":{"rendered":"","protected":false},"excerpt":{"rendered":"<p>Mis en vente entre le 21 et le 23 septembre 2024 \u00e0 la boutique \u00e9ph\u00e9m\u00e8re \u00e0 Paris (Pop-Up Store) puis en ligne sur l\u2019IndoShop \u00e0 compter du 24 octobre 2024 au prix de 35 \u20ac.<\/p>\n","protected":false},"featured_media":2572,"template":"","meta":[],"product_cat":[290],"product_tag":[292,65,297],"_links":{"self":[{"href":"https:\/\/indomerch.fr\/index.php\/wp-json\/wp\/v2\/product\/2578"}],"collection":[{"href":"https:\/\/indomerch.fr\/index.php\/wp-json\/wp\/v2\/product"}],"about":[{"href":"https:\/\/indomerch.fr\/index.php\/wp-json\/wp\/v2\/types\/product"}],"version-history":[{"count":1,"href":"https:\/\/indomerch.fr\/index.php\/wp-json\/wp\/v2\/product\/2578\/revisions"}],"predecessor-version":[{"id":2579,"href":"https:\/\/indomerch.fr\/index.php\/wp-json\/wp\/v2\/product\/2578\/revisions\/2579"}],"wp:featuredmedia":[{"embeddable":true,"href":"https:\/\/indomerch.fr\/index.php\/wp-json\/wp\/v2\/media\/2572"}],"wp:attachment":[{"href":"https:\/\/indomerch.fr\/index.php\/wp-json\/wp\/v2\/media?parent=2578"}],"wp:term":[{"taxonomy":"product_cat","embeddable":true,"href":"https:\/\/indomerch.fr\/index.php\/wp-json\/wp\/v2\/product_cat?post=2578"},{"taxonomy":"product_tag","embeddable":true,"href":"https:\/\/indomerch.fr\/index.php\/wp-json\/wp\/v2\/product_tag?post=2578"}],"curies":[{"name":"wp","href":"https:\/\/api.w.org\/{rel}","templated":true}]}}