{"id":2587,"date":"2025-03-22T17:00:00","date_gmt":"2025-03-22T16:00:00","guid":{"rendered":"https:\/\/indomerch.fr\/?post_type=product&#038;p=2587"},"modified":"2025-03-22T17:00:00","modified_gmt":"2025-03-22T16:00:00","slug":"rouleau-de-scotch-indochine","status":"publish","type":"product","link":"https:\/\/indomerch.fr\/index.php\/produit\/rouleau-de-scotch-indochine\/","title":{"rendered":"Rouleau de scotch \u00ab\u00a0Indochine\u00a0\u00bb"},"content":{"rendered":"","protected":false},"excerpt":{"rendered":"<p>Mis en vente entre le 21 et le 23 septembre 2024 \u00e0 la boutique \u00e9ph\u00e9m\u00e8re \u00e0 Paris (Pop-Up Store) puis en ligne sur l\u2019IndoShop \u00e0 compter du 24 octobre 2024 au prix de 10 \u20ac.<\/p>\n","protected":false},"featured_media":2582,"template":"","meta":[],"product_cat":[290],"product_tag":[292,300],"_links":{"self":[{"href":"https:\/\/indomerch.fr\/index.php\/wp-json\/wp\/v2\/product\/2587"}],"collection":[{"href":"https:\/\/indomerch.fr\/index.php\/wp-json\/wp\/v2\/product"}],"about":[{"href":"https:\/\/indomerch.fr\/index.php\/wp-json\/wp\/v2\/types\/product"}],"version-history":[{"count":1,"href":"https:\/\/indomerch.fr\/index.php\/wp-json\/wp\/v2\/product\/2587\/revisions"}],"predecessor-version":[{"id":2588,"href":"https:\/\/indomerch.fr\/index.php\/wp-json\/wp\/v2\/product\/2587\/revisions\/2588"}],"wp:featuredmedia":[{"embeddable":true,"href":"https:\/\/indomerch.fr\/index.php\/wp-json\/wp\/v2\/media\/2582"}],"wp:attachment":[{"href":"https:\/\/indomerch.fr\/index.php\/wp-json\/wp\/v2\/media?parent=2587"}],"wp:term":[{"taxonomy":"product_cat","embeddable":true,"href":"https:\/\/indomerch.fr\/index.php\/wp-json\/wp\/v2\/product_cat?post=2587"},{"taxonomy":"product_tag","embeddable":true,"href":"https:\/\/indomerch.fr\/index.php\/wp-json\/wp\/v2\/product_tag?post=2587"}],"curies":[{"name":"wp","href":"https:\/\/api.w.org\/{rel}","templated":true}]}}