{"id":2599,"date":"2025-04-05T17:26:55","date_gmt":"2025-04-05T15:26:55","guid":{"rendered":"https:\/\/indomerch.fr\/?post_type=product&#038;p=2599"},"modified":"2025-04-05T17:26:56","modified_gmt":"2025-04-05T15:26:56","slug":"t-shirt-babel-babel-amazon-gris-a-manches-longues","status":"publish","type":"product","link":"https:\/\/indomerch.fr\/index.php\/produit\/t-shirt-babel-babel-amazon-gris-a-manches-longues\/","title":{"rendered":"T-shirt \u00ab\u00a0Babel Babel\u00a0\u00bb (Amazon &#8211; Gris \u00e0 manches longues)"},"content":{"rendered":"","protected":false},"excerpt":{"rendered":"<div class=\"woocommerce-product-details__short-description\">\n<p>T-shirt vendu en exclusivit\u00e9 sur le site AMAZON. Mod\u00e8le gris fonc\u00e9 \u00e0 manches longues, au prix de 27,99 \u20ac.<\/p>\n<p>&nbsp;<\/p>\n<\/div>\n","protected":false},"featured_media":2593,"template":"","meta":[],"product_cat":[290],"product_tag":[302,292,45],"_links":{"self":[{"href":"https:\/\/indomerch.fr\/index.php\/wp-json\/wp\/v2\/product\/2599"}],"collection":[{"href":"https:\/\/indomerch.fr\/index.php\/wp-json\/wp\/v2\/product"}],"about":[{"href":"https:\/\/indomerch.fr\/index.php\/wp-json\/wp\/v2\/types\/product"}],"version-history":[{"count":1,"href":"https:\/\/indomerch.fr\/index.php\/wp-json\/wp\/v2\/product\/2599\/revisions"}],"predecessor-version":[{"id":2600,"href":"https:\/\/indomerch.fr\/index.php\/wp-json\/wp\/v2\/product\/2599\/revisions\/2600"}],"wp:featuredmedia":[{"embeddable":true,"href":"https:\/\/indomerch.fr\/index.php\/wp-json\/wp\/v2\/media\/2593"}],"wp:attachment":[{"href":"https:\/\/indomerch.fr\/index.php\/wp-json\/wp\/v2\/media?parent=2599"}],"wp:term":[{"taxonomy":"product_cat","embeddable":true,"href":"https:\/\/indomerch.fr\/index.php\/wp-json\/wp\/v2\/product_cat?post=2599"},{"taxonomy":"product_tag","embeddable":true,"href":"https:\/\/indomerch.fr\/index.php\/wp-json\/wp\/v2\/product_tag?post=2599"}],"curies":[{"name":"wp","href":"https:\/\/api.w.org\/{rel}","templated":true}]}}