{"id":2605,"date":"2025-04-05T17:39:29","date_gmt":"2025-04-05T15:39:29","guid":{"rendered":"https:\/\/indomerch.fr\/?post_type=product&#038;p=2605"},"modified":"2025-04-05T17:39:29","modified_gmt":"2025-04-05T15:39:29","slug":"t-shirt-babel-babel-amazon-noir-a-manches-longues-2","status":"publish","type":"product","link":"https:\/\/indomerch.fr\/index.php\/produit\/t-shirt-babel-babel-amazon-noir-a-manches-longues-2\/","title":{"rendered":"T-shirt \u00ab Babel Babel \u00bb (Amazon \u2013 Noir \u00e0 manches longues)"},"content":{"rendered":"","protected":false},"excerpt":{"rendered":"<p>T-shirt vendu en exclusivit\u00e9 sur le site AMAZON. Mod\u00e8le noir \u00e0 manches longues, au prix de 27,99 \u20ac.<\/p>\n","protected":false},"featured_media":2594,"template":"","meta":[],"product_cat":[141],"product_tag":[302,292,45],"_links":{"self":[{"href":"https:\/\/indomerch.fr\/index.php\/wp-json\/wp\/v2\/product\/2605"}],"collection":[{"href":"https:\/\/indomerch.fr\/index.php\/wp-json\/wp\/v2\/product"}],"about":[{"href":"https:\/\/indomerch.fr\/index.php\/wp-json\/wp\/v2\/types\/product"}],"version-history":[{"count":1,"href":"https:\/\/indomerch.fr\/index.php\/wp-json\/wp\/v2\/product\/2605\/revisions"}],"predecessor-version":[{"id":2606,"href":"https:\/\/indomerch.fr\/index.php\/wp-json\/wp\/v2\/product\/2605\/revisions\/2606"}],"wp:featuredmedia":[{"embeddable":true,"href":"https:\/\/indomerch.fr\/index.php\/wp-json\/wp\/v2\/media\/2594"}],"wp:attachment":[{"href":"https:\/\/indomerch.fr\/index.php\/wp-json\/wp\/v2\/media?parent=2605"}],"wp:term":[{"taxonomy":"product_cat","embeddable":true,"href":"https:\/\/indomerch.fr\/index.php\/wp-json\/wp\/v2\/product_cat?post=2605"},{"taxonomy":"product_tag","embeddable":true,"href":"https:\/\/indomerch.fr\/index.php\/wp-json\/wp\/v2\/product_tag?post=2605"}],"curies":[{"name":"wp","href":"https:\/\/api.w.org\/{rel}","templated":true}]}}