{"id":2609,"date":"2025-04-05T17:44:50","date_gmt":"2025-04-05T15:44:50","guid":{"rendered":"https:\/\/indomerch.fr\/?post_type=product&#038;p=2609"},"modified":"2025-04-05T17:44:50","modified_gmt":"2025-04-05T15:44:50","slug":"t-shirt-babel-babel-amazon-gris-2","status":"publish","type":"product","link":"https:\/\/indomerch.fr\/index.php\/produit\/t-shirt-babel-babel-amazon-gris-2\/","title":{"rendered":"T-shirt \u00ab Babel Babel \u00bb (Amazon \u2013 Gris)"},"content":{"rendered":"","protected":false},"excerpt":{"rendered":"<p>T-shirt vendu en exclusivit\u00e9 sur le site AMAZON. Mod\u00e8le gris fonc\u00e9, au prix de 20,99 \u20ac.<\/p>\n","protected":false},"featured_media":2595,"template":"","meta":[],"product_cat":[141],"product_tag":[302,292,45],"_links":{"self":[{"href":"https:\/\/indomerch.fr\/index.php\/wp-json\/wp\/v2\/product\/2609"}],"collection":[{"href":"https:\/\/indomerch.fr\/index.php\/wp-json\/wp\/v2\/product"}],"about":[{"href":"https:\/\/indomerch.fr\/index.php\/wp-json\/wp\/v2\/types\/product"}],"version-history":[{"count":1,"href":"https:\/\/indomerch.fr\/index.php\/wp-json\/wp\/v2\/product\/2609\/revisions"}],"predecessor-version":[{"id":2610,"href":"https:\/\/indomerch.fr\/index.php\/wp-json\/wp\/v2\/product\/2609\/revisions\/2610"}],"wp:featuredmedia":[{"embeddable":true,"href":"https:\/\/indomerch.fr\/index.php\/wp-json\/wp\/v2\/media\/2595"}],"wp:attachment":[{"href":"https:\/\/indomerch.fr\/index.php\/wp-json\/wp\/v2\/media?parent=2609"}],"wp:term":[{"taxonomy":"product_cat","embeddable":true,"href":"https:\/\/indomerch.fr\/index.php\/wp-json\/wp\/v2\/product_cat?post=2609"},{"taxonomy":"product_tag","embeddable":true,"href":"https:\/\/indomerch.fr\/index.php\/wp-json\/wp\/v2\/product_tag?post=2609"}],"curies":[{"name":"wp","href":"https:\/\/api.w.org\/{rel}","templated":true}]}}