{"id":265,"date":"2020-11-12T16:49:51","date_gmt":"2020-11-12T15:49:51","guid":{"rendered":"http:\/\/indomerch.fr\/?post_type=product&#038;p=265"},"modified":"2022-01-15T18:28:13","modified_gmt":"2022-01-15T17:28:13","slug":"briquet-black-city-tour","status":"publish","type":"product","link":"https:\/\/indomerch.fr\/index.php\/produit\/briquet-black-city-tour\/","title":{"rendered":"Briquet \u00ab\u00a0Black City Tour\u00a0\u00bb"},"content":{"rendered":"","protected":false},"excerpt":{"rendered":"<p><span class=\"\">Vendu durant les actes 2 et 3 du \u00ab\u00a0Black City Tour\u00a0\u00bb (fin 2013 \u00e0 d\u00e9but 2014), puis en ligne sur l&rsquo;Indoshop \u00e0 compter du 25 janvier 2014 au prix de 5 \u20ac.<br \/>\n<\/span><\/p>\n","protected":false},"featured_media":261,"template":"","meta":[],"product_cat":[34],"product_tag":[64,62,63,61],"_links":{"self":[{"href":"https:\/\/indomerch.fr\/index.php\/wp-json\/wp\/v2\/product\/265"}],"collection":[{"href":"https:\/\/indomerch.fr\/index.php\/wp-json\/wp\/v2\/product"}],"about":[{"href":"https:\/\/indomerch.fr\/index.php\/wp-json\/wp\/v2\/types\/product"}],"version-history":[{"count":3,"href":"https:\/\/indomerch.fr\/index.php\/wp-json\/wp\/v2\/product\/265\/revisions"}],"predecessor-version":[{"id":1501,"href":"https:\/\/indomerch.fr\/index.php\/wp-json\/wp\/v2\/product\/265\/revisions\/1501"}],"wp:featuredmedia":[{"embeddable":true,"href":"https:\/\/indomerch.fr\/index.php\/wp-json\/wp\/v2\/media\/261"}],"wp:attachment":[{"href":"https:\/\/indomerch.fr\/index.php\/wp-json\/wp\/v2\/media?parent=265"}],"wp:term":[{"taxonomy":"product_cat","embeddable":true,"href":"https:\/\/indomerch.fr\/index.php\/wp-json\/wp\/v2\/product_cat?post=265"},{"taxonomy":"product_tag","embeddable":true,"href":"https:\/\/indomerch.fr\/index.php\/wp-json\/wp\/v2\/product_tag?post=265"}],"curies":[{"name":"wp","href":"https:\/\/api.w.org\/{rel}","templated":true}]}}