{"id":2674,"date":"2026-01-17T12:41:44","date_gmt":"2026-01-17T11:41:44","guid":{"rendered":"https:\/\/indomerch.fr\/?post_type=product&#038;p=2674"},"modified":"2026-01-17T12:41:45","modified_gmt":"2026-01-17T11:41:45","slug":"t-shirt-arena-tour-orleans","status":"publish","type":"product","link":"https:\/\/indomerch.fr\/index.php\/produit\/t-shirt-arena-tour-orleans\/","title":{"rendered":"T-shirt \u00ab Arena Tour \u00bb (Orl\u00e9ans)"},"content":{"rendered":"","protected":false},"excerpt":{"rendered":"<p>Vendu durant les 4 premiers concerts de l\u2019Arena Tour \u00e0 Orl\u00e9ans entre le 11 et le 15 f\u00e9vrier 2025, au prix de 35 \u20ac.<\/p>\n","protected":false},"featured_media":2663,"template":"","meta":[],"product_cat":[290],"product_tag":[298,306,45],"_links":{"self":[{"href":"https:\/\/indomerch.fr\/index.php\/wp-json\/wp\/v2\/product\/2674"}],"collection":[{"href":"https:\/\/indomerch.fr\/index.php\/wp-json\/wp\/v2\/product"}],"about":[{"href":"https:\/\/indomerch.fr\/index.php\/wp-json\/wp\/v2\/types\/product"}],"version-history":[{"count":1,"href":"https:\/\/indomerch.fr\/index.php\/wp-json\/wp\/v2\/product\/2674\/revisions"}],"predecessor-version":[{"id":2675,"href":"https:\/\/indomerch.fr\/index.php\/wp-json\/wp\/v2\/product\/2674\/revisions\/2675"}],"wp:featuredmedia":[{"embeddable":true,"href":"https:\/\/indomerch.fr\/index.php\/wp-json\/wp\/v2\/media\/2663"}],"wp:attachment":[{"href":"https:\/\/indomerch.fr\/index.php\/wp-json\/wp\/v2\/media?parent=2674"}],"wp:term":[{"taxonomy":"product_cat","embeddable":true,"href":"https:\/\/indomerch.fr\/index.php\/wp-json\/wp\/v2\/product_cat?post=2674"},{"taxonomy":"product_tag","embeddable":true,"href":"https:\/\/indomerch.fr\/index.php\/wp-json\/wp\/v2\/product_tag?post=2674"}],"curies":[{"name":"wp","href":"https:\/\/api.w.org\/{rel}","templated":true}]}}