{"id":2684,"date":"2026-01-17T13:13:15","date_gmt":"2026-01-17T12:13:15","guid":{"rendered":"https:\/\/indomerch.fr\/?post_type=product&#038;p=2684"},"modified":"2026-01-17T13:13:15","modified_gmt":"2026-01-17T12:13:15","slug":"tote-bag-babel-babel","status":"publish","type":"product","link":"https:\/\/indomerch.fr\/index.php\/produit\/tote-bag-babel-babel\/","title":{"rendered":"Tote bag \u00ab Babel Babel \u00bb"},"content":{"rendered":"","protected":false},"excerpt":{"rendered":"<p>Mis en vente entre le 21 et le 23 septembre 2024 \u00e0 la boutique \u00e9ph\u00e9m\u00e8re \u00e0 Paris (Pop-Up Store) puis en ligne sur l\u2019IndoShop \u00e0 compter du 24 octobre 2024 au prix de 20 \u20ac.<\/p>\n","protected":false},"featured_media":2668,"template":"","meta":[],"product_cat":[290],"product_tag":[292,104],"_links":{"self":[{"href":"https:\/\/indomerch.fr\/index.php\/wp-json\/wp\/v2\/product\/2684"}],"collection":[{"href":"https:\/\/indomerch.fr\/index.php\/wp-json\/wp\/v2\/product"}],"about":[{"href":"https:\/\/indomerch.fr\/index.php\/wp-json\/wp\/v2\/types\/product"}],"version-history":[{"count":1,"href":"https:\/\/indomerch.fr\/index.php\/wp-json\/wp\/v2\/product\/2684\/revisions"}],"predecessor-version":[{"id":2685,"href":"https:\/\/indomerch.fr\/index.php\/wp-json\/wp\/v2\/product\/2684\/revisions\/2685"}],"wp:featuredmedia":[{"embeddable":true,"href":"https:\/\/indomerch.fr\/index.php\/wp-json\/wp\/v2\/media\/2668"}],"wp:attachment":[{"href":"https:\/\/indomerch.fr\/index.php\/wp-json\/wp\/v2\/media?parent=2684"}],"wp:term":[{"taxonomy":"product_cat","embeddable":true,"href":"https:\/\/indomerch.fr\/index.php\/wp-json\/wp\/v2\/product_cat?post=2684"},{"taxonomy":"product_tag","embeddable":true,"href":"https:\/\/indomerch.fr\/index.php\/wp-json\/wp\/v2\/product_tag?post=2684"}],"curies":[{"name":"wp","href":"https:\/\/api.w.org\/{rel}","templated":true}]}}