{"id":2731,"date":"2026-02-07T17:28:12","date_gmt":"2026-02-07T16:28:12","guid":{"rendered":"https:\/\/indomerch.fr\/?post_type=product&#038;p=2731"},"modified":"2026-02-07T17:28:12","modified_gmt":"2026-02-07T16:28:12","slug":"coques-iphone-babel-babel-amazon-2","status":"publish","type":"product","link":"https:\/\/indomerch.fr\/index.php\/produit\/coques-iphone-babel-babel-amazon-2\/","title":{"rendered":"Coques iPhone \u00ab Babel Babel \u00bb (Amazon)"},"content":{"rendered":"","protected":false},"excerpt":{"rendered":"<p>Vendues en exclusivit\u00e9 sur le site AMAZON, au prix de 16,99 \u20ac (mod\u00e8les iPhones 7 \u00e0 16 disponibles). Mod\u00e8les retenus en photo : iPhone 16, iPhone 16 Pro &amp; iPhone 16 Pro Max.<\/p>\n","protected":false},"featured_media":2721,"template":"","meta":[],"product_cat":[141],"product_tag":[292,206,311],"_links":{"self":[{"href":"https:\/\/indomerch.fr\/index.php\/wp-json\/wp\/v2\/product\/2731"}],"collection":[{"href":"https:\/\/indomerch.fr\/index.php\/wp-json\/wp\/v2\/product"}],"about":[{"href":"https:\/\/indomerch.fr\/index.php\/wp-json\/wp\/v2\/types\/product"}],"version-history":[{"count":1,"href":"https:\/\/indomerch.fr\/index.php\/wp-json\/wp\/v2\/product\/2731\/revisions"}],"predecessor-version":[{"id":2732,"href":"https:\/\/indomerch.fr\/index.php\/wp-json\/wp\/v2\/product\/2731\/revisions\/2732"}],"wp:featuredmedia":[{"embeddable":true,"href":"https:\/\/indomerch.fr\/index.php\/wp-json\/wp\/v2\/media\/2721"}],"wp:attachment":[{"href":"https:\/\/indomerch.fr\/index.php\/wp-json\/wp\/v2\/media?parent=2731"}],"wp:term":[{"taxonomy":"product_cat","embeddable":true,"href":"https:\/\/indomerch.fr\/index.php\/wp-json\/wp\/v2\/product_cat?post=2731"},{"taxonomy":"product_tag","embeddable":true,"href":"https:\/\/indomerch.fr\/index.php\/wp-json\/wp\/v2\/product_tag?post=2731"}],"curies":[{"name":"wp","href":"https:\/\/api.w.org\/{rel}","templated":true}]}}