{"id":2762,"date":"2026-03-14T18:11:21","date_gmt":"2026-03-14T17:11:21","guid":{"rendered":"https:\/\/indomerch.fr\/?post_type=product&#038;p=2762"},"modified":"2026-03-14T18:11:21","modified_gmt":"2026-03-14T17:11:21","slug":"sticker-baby-indo-on-board","status":"publish","type":"product","link":"https:\/\/indomerch.fr\/index.php\/produit\/sticker-baby-indo-on-board\/","title":{"rendered":"Sticker \u00ab\u00a0Baby Indo on board\u00a0\u00bb"},"content":{"rendered":"","protected":false},"excerpt":{"rendered":"<p>Mis en vente entre le 21 et le 23 septembre 2024 \u00e0 la boutique \u00e9ph\u00e9m\u00e8re \u00e0 Paris (Pop-Up Store) puis en ligne sur l\u2019Indoshop \u00e0 compter du 24 octobre 2024 au prix de 5 \u20ac.<\/p>\n","protected":false},"featured_media":2746,"template":"","meta":[],"product_cat":[290],"product_tag":[292,316],"_links":{"self":[{"href":"https:\/\/indomerch.fr\/index.php\/wp-json\/wp\/v2\/product\/2762"}],"collection":[{"href":"https:\/\/indomerch.fr\/index.php\/wp-json\/wp\/v2\/product"}],"about":[{"href":"https:\/\/indomerch.fr\/index.php\/wp-json\/wp\/v2\/types\/product"}],"version-history":[{"count":1,"href":"https:\/\/indomerch.fr\/index.php\/wp-json\/wp\/v2\/product\/2762\/revisions"}],"predecessor-version":[{"id":2763,"href":"https:\/\/indomerch.fr\/index.php\/wp-json\/wp\/v2\/product\/2762\/revisions\/2763"}],"wp:featuredmedia":[{"embeddable":true,"href":"https:\/\/indomerch.fr\/index.php\/wp-json\/wp\/v2\/media\/2746"}],"wp:attachment":[{"href":"https:\/\/indomerch.fr\/index.php\/wp-json\/wp\/v2\/media?parent=2762"}],"wp:term":[{"taxonomy":"product_cat","embeddable":true,"href":"https:\/\/indomerch.fr\/index.php\/wp-json\/wp\/v2\/product_cat?post=2762"},{"taxonomy":"product_tag","embeddable":true,"href":"https:\/\/indomerch.fr\/index.php\/wp-json\/wp\/v2\/product_tag?post=2762"}],"curies":[{"name":"wp","href":"https:\/\/api.w.org\/{rel}","templated":true}]}}