{"id":2824,"date":"2026-04-04T13:10:50","date_gmt":"2026-04-04T11:10:50","guid":{"rendered":"https:\/\/indomerch.fr\/?post_type=product&#038;p=2824"},"modified":"2026-04-04T13:10:50","modified_gmt":"2026-04-04T11:10:50","slug":"pass-central-tour-medias","status":"publish","type":"product","link":"https:\/\/indomerch.fr\/index.php\/produit\/pass-central-tour-medias\/","title":{"rendered":"Pass \u00ab Central Tour \u00bb (M\u00e9dias)"},"content":{"rendered":"","protected":false},"excerpt":{"rendered":"<p>Pass de concert \u00ab Central Tour \u00bb (M\u00e9dias) utilis\u00e9 par certains m\u00e9dias durant la tourn\u00e9e du \u00ab Central Tour \u00bb en 2022.<\/p>\n","protected":false},"featured_media":2822,"template":"","meta":[],"product_cat":[125],"product_tag":[96,326,193],"_links":{"self":[{"href":"https:\/\/indomerch.fr\/index.php\/wp-json\/wp\/v2\/product\/2824"}],"collection":[{"href":"https:\/\/indomerch.fr\/index.php\/wp-json\/wp\/v2\/product"}],"about":[{"href":"https:\/\/indomerch.fr\/index.php\/wp-json\/wp\/v2\/types\/product"}],"version-history":[{"count":1,"href":"https:\/\/indomerch.fr\/index.php\/wp-json\/wp\/v2\/product\/2824\/revisions"}],"predecessor-version":[{"id":2825,"href":"https:\/\/indomerch.fr\/index.php\/wp-json\/wp\/v2\/product\/2824\/revisions\/2825"}],"wp:featuredmedia":[{"embeddable":true,"href":"https:\/\/indomerch.fr\/index.php\/wp-json\/wp\/v2\/media\/2822"}],"wp:attachment":[{"href":"https:\/\/indomerch.fr\/index.php\/wp-json\/wp\/v2\/media?parent=2824"}],"wp:term":[{"taxonomy":"product_cat","embeddable":true,"href":"https:\/\/indomerch.fr\/index.php\/wp-json\/wp\/v2\/product_cat?post=2824"},{"taxonomy":"product_tag","embeddable":true,"href":"https:\/\/indomerch.fr\/index.php\/wp-json\/wp\/v2\/product_tag?post=2824"}],"curies":[{"name":"wp","href":"https:\/\/api.w.org\/{rel}","templated":true}]}}