{"id":2853,"date":"2026-04-04T15:10:29","date_gmt":"2026-04-04T13:10:29","guid":{"rendered":"https:\/\/indomerch.fr\/?post_type=product&#038;p=2853"},"modified":"2026-04-04T15:10:29","modified_gmt":"2026-04-04T13:10:29","slug":"pins-arena-tour-dore-2","status":"publish","type":"product","link":"https:\/\/indomerch.fr\/index.php\/produit\/pins-arena-tour-dore-2\/","title":{"rendered":"Pin\u2019s \u00ab Arena Tour \u00bb (Dor\u00e9)"},"content":{"rendered":"","protected":false},"excerpt":{"rendered":"<p>Offert durant la deuxi\u00e8me partie de la tourn\u00e9e de l\u2019Arena Tour, lors du tamponnage des passeports.<\/p>\n","protected":false},"featured_media":2815,"template":"","meta":[],"product_cat":[141],"product_tag":[298,196],"_links":{"self":[{"href":"https:\/\/indomerch.fr\/index.php\/wp-json\/wp\/v2\/product\/2853"}],"collection":[{"href":"https:\/\/indomerch.fr\/index.php\/wp-json\/wp\/v2\/product"}],"about":[{"href":"https:\/\/indomerch.fr\/index.php\/wp-json\/wp\/v2\/types\/product"}],"version-history":[{"count":1,"href":"https:\/\/indomerch.fr\/index.php\/wp-json\/wp\/v2\/product\/2853\/revisions"}],"predecessor-version":[{"id":2854,"href":"https:\/\/indomerch.fr\/index.php\/wp-json\/wp\/v2\/product\/2853\/revisions\/2854"}],"wp:featuredmedia":[{"embeddable":true,"href":"https:\/\/indomerch.fr\/index.php\/wp-json\/wp\/v2\/media\/2815"}],"wp:attachment":[{"href":"https:\/\/indomerch.fr\/index.php\/wp-json\/wp\/v2\/media?parent=2853"}],"wp:term":[{"taxonomy":"product_cat","embeddable":true,"href":"https:\/\/indomerch.fr\/index.php\/wp-json\/wp\/v2\/product_cat?post=2853"},{"taxonomy":"product_tag","embeddable":true,"href":"https:\/\/indomerch.fr\/index.php\/wp-json\/wp\/v2\/product_tag?post=2853"}],"curies":[{"name":"wp","href":"https:\/\/api.w.org\/{rel}","templated":true}]}}