{"id":290,"date":"2020-11-21T17:30:23","date_gmt":"2020-11-21T16:30:23","guid":{"rendered":"http:\/\/indomerch.fr\/?post_type=product&#038;p=290"},"modified":"2021-05-13T13:56:05","modified_gmt":"2021-05-13T11:56:05","slug":"porte-cles-paradize","status":"publish","type":"product","link":"https:\/\/indomerch.fr\/index.php\/produit\/porte-cles-paradize\/","title":{"rendered":"Porte-cl\u00e9s \u00ab\u00a0Paradize\u00a0\u00bb"},"content":{"rendered":"","protected":false},"excerpt":{"rendered":"<p><span class=\"\">Porte-cl\u00e9 en verre dans lequel est grav\u00e9 au laser le logo de l&rsquo;\u00e9poque Paradize. Pr\u00e9sent\u00e9 dans un nid de mousse au sein d&rsquo;une boite en carton bleu.<\/span><\/p>\n<p><span class=\"\">Vendu en 2003 au prix de 15 \u20ac.<\/span><\/p>\n","protected":false},"featured_media":284,"template":"","meta":[],"product_cat":[31],"product_tag":[43,54],"_links":{"self":[{"href":"https:\/\/indomerch.fr\/index.php\/wp-json\/wp\/v2\/product\/290"}],"collection":[{"href":"https:\/\/indomerch.fr\/index.php\/wp-json\/wp\/v2\/product"}],"about":[{"href":"https:\/\/indomerch.fr\/index.php\/wp-json\/wp\/v2\/types\/product"}],"version-history":[{"count":3,"href":"https:\/\/indomerch.fr\/index.php\/wp-json\/wp\/v2\/product\/290\/revisions"}],"predecessor-version":[{"id":822,"href":"https:\/\/indomerch.fr\/index.php\/wp-json\/wp\/v2\/product\/290\/revisions\/822"}],"wp:featuredmedia":[{"embeddable":true,"href":"https:\/\/indomerch.fr\/index.php\/wp-json\/wp\/v2\/media\/284"}],"wp:attachment":[{"href":"https:\/\/indomerch.fr\/index.php\/wp-json\/wp\/v2\/media?parent=290"}],"wp:term":[{"taxonomy":"product_cat","embeddable":true,"href":"https:\/\/indomerch.fr\/index.php\/wp-json\/wp\/v2\/product_cat?post=290"},{"taxonomy":"product_tag","embeddable":true,"href":"https:\/\/indomerch.fr\/index.php\/wp-json\/wp\/v2\/product_tag?post=290"}],"curies":[{"name":"wp","href":"https:\/\/api.w.org\/{rel}","templated":true}]}}