{"id":2902,"date":"2026-04-12T17:44:00","date_gmt":"2026-04-12T15:44:00","guid":{"rendered":"https:\/\/indomerch.fr\/?post_type=product&#038;p=2902"},"modified":"2026-04-12T17:44:00","modified_gmt":"2026-04-12T15:44:00","slug":"tote-bag-arena-tour-reflechissant","status":"publish","type":"product","link":"https:\/\/indomerch.fr\/index.php\/produit\/tote-bag-arena-tour-reflechissant\/","title":{"rendered":"Tote bag \u00ab Arena Tour \u00bb (r\u00e9fl\u00e9chissant)"},"content":{"rendered":"","protected":false},"excerpt":{"rendered":"<p>Vendu durant la deuxi\u00e8me partie de la tourn\u00e9e de l\u2019Arena Tour \u00e0 compter du 10 octobre 2025, au prix de 20 \u20ac.<\/p>\n","protected":false},"featured_media":2897,"template":"","meta":[],"product_cat":[290],"product_tag":[298,104],"_links":{"self":[{"href":"https:\/\/indomerch.fr\/index.php\/wp-json\/wp\/v2\/product\/2902"}],"collection":[{"href":"https:\/\/indomerch.fr\/index.php\/wp-json\/wp\/v2\/product"}],"about":[{"href":"https:\/\/indomerch.fr\/index.php\/wp-json\/wp\/v2\/types\/product"}],"version-history":[{"count":1,"href":"https:\/\/indomerch.fr\/index.php\/wp-json\/wp\/v2\/product\/2902\/revisions"}],"predecessor-version":[{"id":2903,"href":"https:\/\/indomerch.fr\/index.php\/wp-json\/wp\/v2\/product\/2902\/revisions\/2903"}],"wp:featuredmedia":[{"embeddable":true,"href":"https:\/\/indomerch.fr\/index.php\/wp-json\/wp\/v2\/media\/2897"}],"wp:attachment":[{"href":"https:\/\/indomerch.fr\/index.php\/wp-json\/wp\/v2\/media?parent=2902"}],"wp:term":[{"taxonomy":"product_cat","embeddable":true,"href":"https:\/\/indomerch.fr\/index.php\/wp-json\/wp\/v2\/product_cat?post=2902"},{"taxonomy":"product_tag","embeddable":true,"href":"https:\/\/indomerch.fr\/index.php\/wp-json\/wp\/v2\/product_tag?post=2902"}],"curies":[{"name":"wp","href":"https:\/\/api.w.org\/{rel}","templated":true}]}}