{"id":303,"date":"2021-03-01T14:40:07","date_gmt":"2021-03-01T13:40:07","guid":{"rendered":"http:\/\/indomerch.fr\/?post_type=product&#038;p=303"},"modified":"2021-03-01T14:40:08","modified_gmt":"2021-03-01T13:40:08","slug":"t-shirt-soutien-philippines","status":"publish","type":"product","link":"https:\/\/indomerch.fr\/index.php\/produit\/t-shirt-soutien-philippines\/","title":{"rendered":"T-shirt \u00ab\u00a0Soutien Philippines\u00a0\u00bb"},"content":{"rendered":"","protected":false},"excerpt":{"rendered":"<p><span class=\"\">T-shirt commercialis\u00e9 pour aider les Philippines, d\u00e9vast\u00e9es par le typhon \u00ab\u00a0Haiyan\u00a0\u00bb en novembre 2013. Mod\u00e8le dessin\u00e9 par Th\u00e9a, la fille de Nicola Sirkis.<\/p>\n<p>Mis en ligne le 31 d\u00e9cembre 2013 au prix de 25 \u20ac, il existe en coupe femme, homme et enfant.<\/p>\n<p>La totalit\u00e9 du prix a int\u00e9gralement \u00e9t\u00e9 revers\u00e9e \u00e0 la Croix-Rouge fran\u00e7aise pour les Philippines.<br \/>\n<\/span><\/p>\n","protected":false},"featured_media":304,"template":"","meta":[],"product_cat":[34],"product_tag":[71,45],"_links":{"self":[{"href":"https:\/\/indomerch.fr\/index.php\/wp-json\/wp\/v2\/product\/303"}],"collection":[{"href":"https:\/\/indomerch.fr\/index.php\/wp-json\/wp\/v2\/product"}],"about":[{"href":"https:\/\/indomerch.fr\/index.php\/wp-json\/wp\/v2\/types\/product"}],"version-history":[{"count":1,"href":"https:\/\/indomerch.fr\/index.php\/wp-json\/wp\/v2\/product\/303\/revisions"}],"predecessor-version":[{"id":305,"href":"https:\/\/indomerch.fr\/index.php\/wp-json\/wp\/v2\/product\/303\/revisions\/305"}],"wp:featuredmedia":[{"embeddable":true,"href":"https:\/\/indomerch.fr\/index.php\/wp-json\/wp\/v2\/media\/304"}],"wp:attachment":[{"href":"https:\/\/indomerch.fr\/index.php\/wp-json\/wp\/v2\/media?parent=303"}],"wp:term":[{"taxonomy":"product_cat","embeddable":true,"href":"https:\/\/indomerch.fr\/index.php\/wp-json\/wp\/v2\/product_cat?post=303"},{"taxonomy":"product_tag","embeddable":true,"href":"https:\/\/indomerch.fr\/index.php\/wp-json\/wp\/v2\/product_tag?post=303"}],"curies":[{"name":"wp","href":"https:\/\/api.w.org\/{rel}","templated":true}]}}