{"id":306,"date":"2021-03-01T14:42:50","date_gmt":"2021-03-01T13:42:50","guid":{"rendered":"http:\/\/indomerch.fr\/?post_type=product&#038;p=306"},"modified":"2021-05-13T13:53:07","modified_gmt":"2021-05-13T11:53:07","slug":"mediators","status":"publish","type":"product","link":"https:\/\/indomerch.fr\/index.php\/produit\/mediators\/","title":{"rendered":"Bo\u00eete de 6 m\u00e9diators \u00ab\u00a0Indochine\u00a0\u00bb"},"content":{"rendered":"","protected":false},"excerpt":{"rendered":"<p><span class=\"\">Bo\u00eete en m\u00e9tal contenant 6 m\u00e9diators : 4 pour guitare et 2 pour la basse.<\/span><\/p>\n<p><span class=\"\">Mis en ligne sur l&rsquo;IndoShop le 9 mars 2012 au prix de 15 \u20ac.<br \/>\n<\/span><\/p>\n","protected":false},"featured_media":307,"template":"","meta":[],"product_cat":[33],"product_tag":[73,74,72],"_links":{"self":[{"href":"https:\/\/indomerch.fr\/index.php\/wp-json\/wp\/v2\/product\/306"}],"collection":[{"href":"https:\/\/indomerch.fr\/index.php\/wp-json\/wp\/v2\/product"}],"about":[{"href":"https:\/\/indomerch.fr\/index.php\/wp-json\/wp\/v2\/types\/product"}],"version-history":[{"count":2,"href":"https:\/\/indomerch.fr\/index.php\/wp-json\/wp\/v2\/product\/306\/revisions"}],"predecessor-version":[{"id":820,"href":"https:\/\/indomerch.fr\/index.php\/wp-json\/wp\/v2\/product\/306\/revisions\/820"}],"wp:featuredmedia":[{"embeddable":true,"href":"https:\/\/indomerch.fr\/index.php\/wp-json\/wp\/v2\/media\/307"}],"wp:attachment":[{"href":"https:\/\/indomerch.fr\/index.php\/wp-json\/wp\/v2\/media?parent=306"}],"wp:term":[{"taxonomy":"product_cat","embeddable":true,"href":"https:\/\/indomerch.fr\/index.php\/wp-json\/wp\/v2\/product_cat?post=306"},{"taxonomy":"product_tag","embeddable":true,"href":"https:\/\/indomerch.fr\/index.php\/wp-json\/wp\/v2\/product_tag?post=306"}],"curies":[{"name":"wp","href":"https:\/\/api.w.org\/{rel}","templated":true}]}}