{"id":318,"date":"2021-03-01T14:49:46","date_gmt":"2021-03-01T13:49:46","guid":{"rendered":"http:\/\/indomerch.fr\/?post_type=product&#038;p=318"},"modified":"2021-05-13T13:50:13","modified_gmt":"2021-05-13T11:50:13","slug":"t-shirt-ville-rouge","status":"publish","type":"product","link":"https:\/\/indomerch.fr\/index.php\/produit\/t-shirt-ville-rouge\/","title":{"rendered":"T-shirt \u00ab\u00a0Ville rouge\u00a0\u00bb (gris)"},"content":{"rendered":"","protected":false},"excerpt":{"rendered":"<p><span class=\"\">Vendu \u00e0 l&rsquo;occasion de la sortie du Black City Tour en CD, DVD et Blu-Ray.<\/span><\/p>\n<p><span class=\"\">Disponible en coupe homme et femme, en gris ainsi qu&rsquo;en noir.<\/span><span class=\"\"> Il a \u00e9t\u00e9 mis en vente sur l&rsquo;IndoShop le 5 d\u00e9cembre 2014 au prix de 25 \u20ac.<\/span><\/p>\n","protected":false},"featured_media":319,"template":"","meta":[],"product_cat":[34],"product_tag":[63,78,45],"_links":{"self":[{"href":"https:\/\/indomerch.fr\/index.php\/wp-json\/wp\/v2\/product\/318"}],"collection":[{"href":"https:\/\/indomerch.fr\/index.php\/wp-json\/wp\/v2\/product"}],"about":[{"href":"https:\/\/indomerch.fr\/index.php\/wp-json\/wp\/v2\/types\/product"}],"version-history":[{"count":3,"href":"https:\/\/indomerch.fr\/index.php\/wp-json\/wp\/v2\/product\/318\/revisions"}],"predecessor-version":[{"id":817,"href":"https:\/\/indomerch.fr\/index.php\/wp-json\/wp\/v2\/product\/318\/revisions\/817"}],"wp:featuredmedia":[{"embeddable":true,"href":"https:\/\/indomerch.fr\/index.php\/wp-json\/wp\/v2\/media\/319"}],"wp:attachment":[{"href":"https:\/\/indomerch.fr\/index.php\/wp-json\/wp\/v2\/media?parent=318"}],"wp:term":[{"taxonomy":"product_cat","embeddable":true,"href":"https:\/\/indomerch.fr\/index.php\/wp-json\/wp\/v2\/product_cat?post=318"},{"taxonomy":"product_tag","embeddable":true,"href":"https:\/\/indomerch.fr\/index.php\/wp-json\/wp\/v2\/product_tag?post=318"}],"curies":[{"name":"wp","href":"https:\/\/api.w.org\/{rel}","templated":true}]}}