{"id":327,"date":"2021-03-01T14:54:58","date_gmt":"2021-03-01T13:54:58","guid":{"rendered":"http:\/\/indomerch.fr\/?post_type=product&#038;p=327"},"modified":"2022-02-12T20:11:12","modified_gmt":"2022-02-12T19:11:12","slug":"t-shirt-soldate-baby","status":"publish","type":"product","link":"https:\/\/indomerch.fr\/index.php\/produit\/t-shirt-soldate-baby\/","title":{"rendered":"T-shirt \u00ab\u00a0Soldate\u00a0\u00bb (framboise &#8211; baby)"},"content":{"rendered":"","protected":false},"excerpt":{"rendered":"<div class=\"C4VMK\"><span class=\"\" title=\"Modifi\u00e9\">Dessin de Val\u00e9rie Lenoir.<\/span><\/div>\n<div class=\"C4VMK\"><span class=\"\" title=\"Modifi\u00e9\"><span class=\"\" title=\"Modifi\u00e9\"><br \/>\nVendu durant la tourn\u00e9e du \u00ab Meteor Tour \u00bb au prix de 20 \u20ac en 2009\/2010. Mod\u00e8le enfant. Il s&rsquo;agit ici du mod\u00e8le couleur framboise dans sa version \u00ab\u00a0baby\u00a0\u00bb (coupe enfant). Cette couleur a \u00e9galement \u00e9t\u00e9 vendue en coupe femme \u00ab\u00a0classique\u00a0\u00bb et coupe femme \u00ab\u00a0loose\u00a0\u00bb.\u00a0<\/span><\/span><\/div>\n","protected":false},"featured_media":325,"template":"","meta":[],"product_cat":[33],"product_tag":[82,83,81,45],"_links":{"self":[{"href":"https:\/\/indomerch.fr\/index.php\/wp-json\/wp\/v2\/product\/327"}],"collection":[{"href":"https:\/\/indomerch.fr\/index.php\/wp-json\/wp\/v2\/product"}],"about":[{"href":"https:\/\/indomerch.fr\/index.php\/wp-json\/wp\/v2\/types\/product"}],"version-history":[{"count":5,"href":"https:\/\/indomerch.fr\/index.php\/wp-json\/wp\/v2\/product\/327\/revisions"}],"predecessor-version":[{"id":1680,"href":"https:\/\/indomerch.fr\/index.php\/wp-json\/wp\/v2\/product\/327\/revisions\/1680"}],"wp:featuredmedia":[{"embeddable":true,"href":"https:\/\/indomerch.fr\/index.php\/wp-json\/wp\/v2\/media\/325"}],"wp:attachment":[{"href":"https:\/\/indomerch.fr\/index.php\/wp-json\/wp\/v2\/media?parent=327"}],"wp:term":[{"taxonomy":"product_cat","embeddable":true,"href":"https:\/\/indomerch.fr\/index.php\/wp-json\/wp\/v2\/product_cat?post=327"},{"taxonomy":"product_tag","embeddable":true,"href":"https:\/\/indomerch.fr\/index.php\/wp-json\/wp\/v2\/product_tag?post=327"}],"curies":[{"name":"wp","href":"https:\/\/api.w.org\/{rel}","templated":true}]}}