{"id":329,"date":"2021-03-01T14:58:04","date_gmt":"2021-03-01T13:58:04","guid":{"rendered":"http:\/\/indomerch.fr\/?post_type=product&#038;p=329"},"modified":"2021-05-13T13:49:08","modified_gmt":"2021-05-13T11:49:08","slug":"tattoos-indo","status":"publish","type":"product","link":"https:\/\/indomerch.fr\/index.php\/produit\/tattoos-indo\/","title":{"rendered":"Tatouages \u00e9ph\u00e9m\u00e8res \u00ab\u00a0Black City Tour\u00a0\u00bb"},"content":{"rendered":"","protected":false},"excerpt":{"rendered":"<p><span class=\"\">Tatouages \u00e9ph\u00e9m\u00e8res disponibles en trois mod\u00e8les :<\/span><\/p>\n<p>&#8211; Fleur \u00ab\u00a0t\u00eate de mort\u00a0\u00bb (Alice &amp; June)<br \/>\n&#8211; Indochine (Black City Parade)<br \/>\n&#8211; Croix (Paradize)<\/p>\n<p><span class=\"\">Vendus sur le Black City Tour 3, puis sur le site IndoShop \u00e0 compter du 7 avril 2014 au prix de 5 \u20ac pi\u00e8ce.<br \/>\n<\/span><\/p>\n","protected":false},"featured_media":330,"template":"","meta":[],"product_cat":[34],"product_tag":[84,85],"_links":{"self":[{"href":"https:\/\/indomerch.fr\/index.php\/wp-json\/wp\/v2\/product\/329"}],"collection":[{"href":"https:\/\/indomerch.fr\/index.php\/wp-json\/wp\/v2\/product"}],"about":[{"href":"https:\/\/indomerch.fr\/index.php\/wp-json\/wp\/v2\/types\/product"}],"version-history":[{"count":3,"href":"https:\/\/indomerch.fr\/index.php\/wp-json\/wp\/v2\/product\/329\/revisions"}],"predecessor-version":[{"id":816,"href":"https:\/\/indomerch.fr\/index.php\/wp-json\/wp\/v2\/product\/329\/revisions\/816"}],"wp:featuredmedia":[{"embeddable":true,"href":"https:\/\/indomerch.fr\/index.php\/wp-json\/wp\/v2\/media\/330"}],"wp:attachment":[{"href":"https:\/\/indomerch.fr\/index.php\/wp-json\/wp\/v2\/media?parent=329"}],"wp:term":[{"taxonomy":"product_cat","embeddable":true,"href":"https:\/\/indomerch.fr\/index.php\/wp-json\/wp\/v2\/product_cat?post=329"},{"taxonomy":"product_tag","embeddable":true,"href":"https:\/\/indomerch.fr\/index.php\/wp-json\/wp\/v2\/product_tag?post=329"}],"curies":[{"name":"wp","href":"https:\/\/api.w.org\/{rel}","templated":true}]}}