{"id":344,"date":"2021-03-01T15:08:17","date_gmt":"2021-03-01T14:08:17","guid":{"rendered":"http:\/\/indomerch.fr\/?post_type=product&#038;p=344"},"modified":"2021-05-13T13:51:56","modified_gmt":"2021-05-13T11:51:56","slug":"lot-de-4-socks","status":"publish","type":"product","link":"https:\/\/indomerch.fr\/index.php\/produit\/lot-de-4-socks\/","title":{"rendered":"Lot de 4 socks \u00ab\u00a0Indochine\u00a0\u00bb"},"content":{"rendered":"","protected":false},"excerpt":{"rendered":"<p><span class=\"\">D\u00e9crit \u00e0 l&rsquo;\u00e9poque comme un lot de 4 socks de protection pour les MP3 et t\u00e9l\u00e9phones portables.<\/span><\/p>\n<p><span class=\"\">Sorti pendant la p\u00e9riode de la R\u00e9publique des Meteors (2009\/2010), ce lot \u00e9tait vendu au prix de 18 \u20ac.<br \/>\n<\/span><\/p>\n","protected":false},"featured_media":348,"template":"","meta":[],"product_cat":[33],"product_tag":[91,90],"_links":{"self":[{"href":"https:\/\/indomerch.fr\/index.php\/wp-json\/wp\/v2\/product\/344"}],"collection":[{"href":"https:\/\/indomerch.fr\/index.php\/wp-json\/wp\/v2\/product"}],"about":[{"href":"https:\/\/indomerch.fr\/index.php\/wp-json\/wp\/v2\/types\/product"}],"version-history":[{"count":2,"href":"https:\/\/indomerch.fr\/index.php\/wp-json\/wp\/v2\/product\/344\/revisions"}],"predecessor-version":[{"id":819,"href":"https:\/\/indomerch.fr\/index.php\/wp-json\/wp\/v2\/product\/344\/revisions\/819"}],"wp:featuredmedia":[{"embeddable":true,"href":"https:\/\/indomerch.fr\/index.php\/wp-json\/wp\/v2\/media\/348"}],"wp:attachment":[{"href":"https:\/\/indomerch.fr\/index.php\/wp-json\/wp\/v2\/media?parent=344"}],"wp:term":[{"taxonomy":"product_cat","embeddable":true,"href":"https:\/\/indomerch.fr\/index.php\/wp-json\/wp\/v2\/product_cat?post=344"},{"taxonomy":"product_tag","embeddable":true,"href":"https:\/\/indomerch.fr\/index.php\/wp-json\/wp\/v2\/product_tag?post=344"}],"curies":[{"name":"wp","href":"https:\/\/api.w.org\/{rel}","templated":true}]}}