{"id":410,"date":"2021-04-04T17:29:39","date_gmt":"2021-04-04T15:29:39","guid":{"rendered":"http:\/\/indomerch.fr\/?post_type=product&#038;p=410"},"modified":"2021-04-21T16:15:28","modified_gmt":"2021-04-21T14:15:28","slug":"serviette-indo-40","status":"publish","type":"product","link":"https:\/\/indomerch.fr\/index.php\/produit\/serviette-indo-40\/","title":{"rendered":"Serviette \u00ab\u00a0Indo 40\u00a0\u00bb"},"content":{"rendered":"","protected":false},"excerpt":{"rendered":"<p>Dimensions de la serviette \u00e0 plat : 150 x 100 cm. Logo brod\u00e9 en bas \u00e0 droite.<\/p>\n<p>Mise en vente entre le 28 et le 31 ao\u00fbt 2020 \u00e0 la boutique \u00e9ph\u00e9m\u00e8re \u00e0 Paris, puis en ligne \u00e0 compter du 10 septembre 2020 au prix de 30 \u20ac.<\/p>\n","protected":false},"featured_media":405,"template":"","meta":[],"product_cat":[125],"product_tag":[21,101],"_links":{"self":[{"href":"https:\/\/indomerch.fr\/index.php\/wp-json\/wp\/v2\/product\/410"}],"collection":[{"href":"https:\/\/indomerch.fr\/index.php\/wp-json\/wp\/v2\/product"}],"about":[{"href":"https:\/\/indomerch.fr\/index.php\/wp-json\/wp\/v2\/types\/product"}],"version-history":[{"count":2,"href":"https:\/\/indomerch.fr\/index.php\/wp-json\/wp\/v2\/product\/410\/revisions"}],"predecessor-version":[{"id":423,"href":"https:\/\/indomerch.fr\/index.php\/wp-json\/wp\/v2\/product\/410\/revisions\/423"}],"wp:featuredmedia":[{"embeddable":true,"href":"https:\/\/indomerch.fr\/index.php\/wp-json\/wp\/v2\/media\/405"}],"wp:attachment":[{"href":"https:\/\/indomerch.fr\/index.php\/wp-json\/wp\/v2\/media?parent=410"}],"wp:term":[{"taxonomy":"product_cat","embeddable":true,"href":"https:\/\/indomerch.fr\/index.php\/wp-json\/wp\/v2\/product_cat?post=410"},{"taxonomy":"product_tag","embeddable":true,"href":"https:\/\/indomerch.fr\/index.php\/wp-json\/wp\/v2\/product_tag?post=410"}],"curies":[{"name":"wp","href":"https:\/\/api.w.org\/{rel}","templated":true}]}}