{"id":412,"date":"2021-04-04T17:35:51","date_gmt":"2021-04-04T15:35:51","guid":{"rendered":"http:\/\/indomerch.fr\/?post_type=product&#038;p=412"},"modified":"2021-04-21T16:15:22","modified_gmt":"2021-04-21T14:15:22","slug":"porte-cles-croix-40","status":"publish","type":"product","link":"https:\/\/indomerch.fr\/index.php\/produit\/porte-cles-croix-40\/","title":{"rendered":"Porte-cl\u00e9s \u00ab\u00a0Croix 40\u00a0\u00bb"},"content":{"rendered":"","protected":false},"excerpt":{"rendered":"<p>Porte-cl\u00e9 en m\u00e9tal. Fabrication artisanale, chaque mod\u00e8le est donc unique.<\/p>\n<p>Mis en ligne le 26 mai 2020 (au prix de 5 \u20ac) et vendu entre le 28 et le 31 ao\u00fbt 2020 \u00e0 la boutique \u00e9ph\u00e9m\u00e8re \u00e0 Paris au prix de 10 \u20ac.<\/p>\n","protected":false},"featured_media":406,"template":"","meta":[],"product_cat":[125],"product_tag":[21,54],"_links":{"self":[{"href":"https:\/\/indomerch.fr\/index.php\/wp-json\/wp\/v2\/product\/412"}],"collection":[{"href":"https:\/\/indomerch.fr\/index.php\/wp-json\/wp\/v2\/product"}],"about":[{"href":"https:\/\/indomerch.fr\/index.php\/wp-json\/wp\/v2\/types\/product"}],"version-history":[{"count":2,"href":"https:\/\/indomerch.fr\/index.php\/wp-json\/wp\/v2\/product\/412\/revisions"}],"predecessor-version":[{"id":422,"href":"https:\/\/indomerch.fr\/index.php\/wp-json\/wp\/v2\/product\/412\/revisions\/422"}],"wp:featuredmedia":[{"embeddable":true,"href":"https:\/\/indomerch.fr\/index.php\/wp-json\/wp\/v2\/media\/406"}],"wp:attachment":[{"href":"https:\/\/indomerch.fr\/index.php\/wp-json\/wp\/v2\/media?parent=412"}],"wp:term":[{"taxonomy":"product_cat","embeddable":true,"href":"https:\/\/indomerch.fr\/index.php\/wp-json\/wp\/v2\/product_cat?post=412"},{"taxonomy":"product_tag","embeddable":true,"href":"https:\/\/indomerch.fr\/index.php\/wp-json\/wp\/v2\/product_tag?post=412"}],"curies":[{"name":"wp","href":"https:\/\/api.w.org\/{rel}","templated":true}]}}