{"id":437,"date":"2021-04-13T18:17:23","date_gmt":"2021-04-13T16:17:23","guid":{"rendered":"http:\/\/indomerch.fr\/?post_type=product&#038;p=437"},"modified":"2021-04-21T16:15:04","modified_gmt":"2021-04-21T14:15:04","slug":"casquette-indo40","status":"publish","type":"product","link":"https:\/\/indomerch.fr\/index.php\/produit\/casquette-indo40\/","title":{"rendered":"Casquette \u00ab\u00a0Indo 40\u00a0\u00bb"},"content":{"rendered":"","protected":false},"excerpt":{"rendered":"<p>La \u00ab\u00a0Croix 40\u00a0\u00bb est brod\u00e9e.<\/p>\n<p>Mise en vente entre le 28 et le 31 ao\u00fbt 2020 \u00e0 la boutique \u00e9ph\u00e9m\u00e8re \u00e0 Paris puis en ligne \u00e0 compter du 10 septembre 2020 au prix de 15 \u20ac.<\/p>\n<p>&nbsp;<\/p>\n","protected":false},"featured_media":430,"template":"","meta":[],"product_cat":[125],"product_tag":[103,21],"_links":{"self":[{"href":"https:\/\/indomerch.fr\/index.php\/wp-json\/wp\/v2\/product\/437"}],"collection":[{"href":"https:\/\/indomerch.fr\/index.php\/wp-json\/wp\/v2\/product"}],"about":[{"href":"https:\/\/indomerch.fr\/index.php\/wp-json\/wp\/v2\/types\/product"}],"version-history":[{"count":3,"href":"https:\/\/indomerch.fr\/index.php\/wp-json\/wp\/v2\/product\/437\/revisions"}],"predecessor-version":[{"id":445,"href":"https:\/\/indomerch.fr\/index.php\/wp-json\/wp\/v2\/product\/437\/revisions\/445"}],"wp:featuredmedia":[{"embeddable":true,"href":"https:\/\/indomerch.fr\/index.php\/wp-json\/wp\/v2\/media\/430"}],"wp:attachment":[{"href":"https:\/\/indomerch.fr\/index.php\/wp-json\/wp\/v2\/media?parent=437"}],"wp:term":[{"taxonomy":"product_cat","embeddable":true,"href":"https:\/\/indomerch.fr\/index.php\/wp-json\/wp\/v2\/product_cat?post=437"},{"taxonomy":"product_tag","embeddable":true,"href":"https:\/\/indomerch.fr\/index.php\/wp-json\/wp\/v2\/product_tag?post=437"}],"curies":[{"name":"wp","href":"https:\/\/api.w.org\/{rel}","templated":true}]}}