{"id":439,"date":"2021-04-13T18:23:10","date_gmt":"2021-04-13T16:23:10","guid":{"rendered":"http:\/\/indomerch.fr\/?post_type=product&#038;p=439"},"modified":"2021-04-21T16:14:57","modified_gmt":"2021-04-21T14:14:57","slug":"grand-tote-bag-indo40","status":"publish","type":"product","link":"https:\/\/indomerch.fr\/index.php\/produit\/grand-tote-bag-indo40\/","title":{"rendered":"Grand Tote bag \u00ab\u00a0Indo 40\u00a0\u00bb"},"content":{"rendered":"","protected":false},"excerpt":{"rendered":"<p>Mis en vente entre le 28 et le 31 ao\u00fbt 2020 \u00e0 la boutique \u00e9ph\u00e9m\u00e8re \u00e0 Paris puis en ligne \u00e0 compter du 10 septembre 2020 au prix de 20 \u20ac.<\/p>\n","protected":false},"featured_media":431,"template":"","meta":[],"product_cat":[125],"product_tag":[21,55,104],"_links":{"self":[{"href":"https:\/\/indomerch.fr\/index.php\/wp-json\/wp\/v2\/product\/439"}],"collection":[{"href":"https:\/\/indomerch.fr\/index.php\/wp-json\/wp\/v2\/product"}],"about":[{"href":"https:\/\/indomerch.fr\/index.php\/wp-json\/wp\/v2\/types\/product"}],"version-history":[{"count":2,"href":"https:\/\/indomerch.fr\/index.php\/wp-json\/wp\/v2\/product\/439\/revisions"}],"predecessor-version":[{"id":441,"href":"https:\/\/indomerch.fr\/index.php\/wp-json\/wp\/v2\/product\/439\/revisions\/441"}],"wp:featuredmedia":[{"embeddable":true,"href":"https:\/\/indomerch.fr\/index.php\/wp-json\/wp\/v2\/media\/431"}],"wp:attachment":[{"href":"https:\/\/indomerch.fr\/index.php\/wp-json\/wp\/v2\/media?parent=439"}],"wp:term":[{"taxonomy":"product_cat","embeddable":true,"href":"https:\/\/indomerch.fr\/index.php\/wp-json\/wp\/v2\/product_cat?post=439"},{"taxonomy":"product_tag","embeddable":true,"href":"https:\/\/indomerch.fr\/index.php\/wp-json\/wp\/v2\/product_tag?post=439"}],"curies":[{"name":"wp","href":"https:\/\/api.w.org\/{rel}","templated":true}]}}