{"id":443,"date":"2021-04-13T18:27:18","date_gmt":"2021-04-13T16:27:18","guid":{"rendered":"http:\/\/indomerch.fr\/?post_type=product&#038;p=443"},"modified":"2021-04-21T16:14:53","modified_gmt":"2021-04-21T14:14:53","slug":"foulard-indo-40","status":"publish","type":"product","link":"https:\/\/indomerch.fr\/index.php\/produit\/foulard-indo-40\/","title":{"rendered":"Foulard \u00ab\u00a0Indo 40\u00a0\u00bb"},"content":{"rendered":"","protected":false},"excerpt":{"rendered":"<p>Dimensions du foulard \u00e0 plat : 180 x 110 cm.<\/p>\n<p>Mis en vente entre le 28 et le 31 ao\u00fbt 2020 \u00e0 la boutique \u00e9ph\u00e9m\u00e8re \u00e0 Paris puis en ligne \u00e0 compter du 10 septembre 2020 au prix de 20 \u20ac.<\/p>\n","protected":false},"featured_media":432,"template":"","meta":[],"product_cat":[125],"product_tag":[48,21],"_links":{"self":[{"href":"https:\/\/indomerch.fr\/index.php\/wp-json\/wp\/v2\/product\/443"}],"collection":[{"href":"https:\/\/indomerch.fr\/index.php\/wp-json\/wp\/v2\/product"}],"about":[{"href":"https:\/\/indomerch.fr\/index.php\/wp-json\/wp\/v2\/types\/product"}],"version-history":[{"count":3,"href":"https:\/\/indomerch.fr\/index.php\/wp-json\/wp\/v2\/product\/443\/revisions"}],"predecessor-version":[{"id":447,"href":"https:\/\/indomerch.fr\/index.php\/wp-json\/wp\/v2\/product\/443\/revisions\/447"}],"wp:featuredmedia":[{"embeddable":true,"href":"https:\/\/indomerch.fr\/index.php\/wp-json\/wp\/v2\/media\/432"}],"wp:attachment":[{"href":"https:\/\/indomerch.fr\/index.php\/wp-json\/wp\/v2\/media?parent=443"}],"wp:term":[{"taxonomy":"product_cat","embeddable":true,"href":"https:\/\/indomerch.fr\/index.php\/wp-json\/wp\/v2\/product_cat?post=443"},{"taxonomy":"product_tag","embeddable":true,"href":"https:\/\/indomerch.fr\/index.php\/wp-json\/wp\/v2\/product_tag?post=443"}],"curies":[{"name":"wp","href":"https:\/\/api.w.org\/{rel}","templated":true}]}}