{"id":448,"date":"2021-04-13T18:38:17","date_gmt":"2021-04-13T16:38:17","guid":{"rendered":"http:\/\/indomerch.fr\/?post_type=product&#038;p=448"},"modified":"2021-04-21T16:14:48","modified_gmt":"2021-04-21T14:14:48","slug":"pendentif-croix-40","status":"publish","type":"product","link":"https:\/\/indomerch.fr\/index.php\/produit\/pendentif-croix-40\/","title":{"rendered":"Pendentif \u00ab\u00a0Croix 40\u00a0\u00bb"},"content":{"rendered":"","protected":false},"excerpt":{"rendered":"<p>Dimensions approximatives : 50 x 45 x 4 mm.<\/p>\n<p>Mis en vente en ligne le 17 ao\u00fbt 2020 puis entre le 28 et le 31 ao\u00fbt 2020 \u00e0 la boutique \u00e9ph\u00e9m\u00e8re \u00e0 Paris puis en ligne sur l&rsquo;IndoShop \u00e0 compter du 10 septembre 2020 au prix de 15 \u20ac.<\/p>\n","protected":false},"featured_media":434,"template":"","meta":[],"product_cat":[125],"product_tag":[106,21,105],"_links":{"self":[{"href":"https:\/\/indomerch.fr\/index.php\/wp-json\/wp\/v2\/product\/448"}],"collection":[{"href":"https:\/\/indomerch.fr\/index.php\/wp-json\/wp\/v2\/product"}],"about":[{"href":"https:\/\/indomerch.fr\/index.php\/wp-json\/wp\/v2\/types\/product"}],"version-history":[{"count":2,"href":"https:\/\/indomerch.fr\/index.php\/wp-json\/wp\/v2\/product\/448\/revisions"}],"predecessor-version":[{"id":450,"href":"https:\/\/indomerch.fr\/index.php\/wp-json\/wp\/v2\/product\/448\/revisions\/450"}],"wp:featuredmedia":[{"embeddable":true,"href":"https:\/\/indomerch.fr\/index.php\/wp-json\/wp\/v2\/media\/434"}],"wp:attachment":[{"href":"https:\/\/indomerch.fr\/index.php\/wp-json\/wp\/v2\/media?parent=448"}],"wp:term":[{"taxonomy":"product_cat","embeddable":true,"href":"https:\/\/indomerch.fr\/index.php\/wp-json\/wp\/v2\/product_cat?post=448"},{"taxonomy":"product_tag","embeddable":true,"href":"https:\/\/indomerch.fr\/index.php\/wp-json\/wp\/v2\/product_tag?post=448"}],"curies":[{"name":"wp","href":"https:\/\/api.w.org\/{rel}","templated":true}]}}