{"id":453,"date":"2021-04-13T19:11:10","date_gmt":"2021-04-13T17:11:10","guid":{"rendered":"http:\/\/indomerch.fr\/?post_type=product&#038;p=453"},"modified":"2021-04-13T19:11:11","modified_gmt":"2021-04-13T17:11:11","slug":"t-shirt-alice-june-2020-2","status":"publish","type":"product","link":"https:\/\/indomerch.fr\/index.php\/produit\/t-shirt-alice-june-2020-2\/","title":{"rendered":"T-shirt \u00ab\u00a0Alice &#038; June\u00a0\u00bb (2020)"},"content":{"rendered":"","protected":false},"excerpt":{"rendered":"<p>Visuel de la pochette d&rsquo;Alice &amp; June sur l&rsquo;int\u00e9gralit\u00e9 de la face avant (total print). Banni\u00e8re Alice &amp; June au dos du t-shirt.<\/p>\n<p>Il \u00e9tait en pr\u00e9commande en ligne le 17 ao\u00fbt 2020, puis vendu entre le 28 et le 31 ao\u00fbt 2020 au Pop-Up Store \u00e0 Paris.<br \/>\nIl a ensuite \u00e9t\u00e9 vendu sur l&rsquo;IndoShop \u00e0 compter du 10 septembre 2020 au prix de 35 \u20ac.<\/p>\n","protected":false},"featured_media":216,"template":"","meta":[],"product_cat":[32],"product_tag":[108,21,56],"_links":{"self":[{"href":"https:\/\/indomerch.fr\/index.php\/wp-json\/wp\/v2\/product\/453"}],"collection":[{"href":"https:\/\/indomerch.fr\/index.php\/wp-json\/wp\/v2\/product"}],"about":[{"href":"https:\/\/indomerch.fr\/index.php\/wp-json\/wp\/v2\/types\/product"}],"version-history":[{"count":1,"href":"https:\/\/indomerch.fr\/index.php\/wp-json\/wp\/v2\/product\/453\/revisions"}],"predecessor-version":[{"id":454,"href":"https:\/\/indomerch.fr\/index.php\/wp-json\/wp\/v2\/product\/453\/revisions\/454"}],"wp:featuredmedia":[{"embeddable":true,"href":"https:\/\/indomerch.fr\/index.php\/wp-json\/wp\/v2\/media\/216"}],"wp:attachment":[{"href":"https:\/\/indomerch.fr\/index.php\/wp-json\/wp\/v2\/media?parent=453"}],"wp:term":[{"taxonomy":"product_cat","embeddable":true,"href":"https:\/\/indomerch.fr\/index.php\/wp-json\/wp\/v2\/product_cat?post=453"},{"taxonomy":"product_tag","embeddable":true,"href":"https:\/\/indomerch.fr\/index.php\/wp-json\/wp\/v2\/product_tag?post=453"}],"curies":[{"name":"wp","href":"https:\/\/api.w.org\/{rel}","templated":true}]}}