{"id":456,"date":"2021-04-13T19:16:28","date_gmt":"2021-04-13T17:16:28","guid":{"rendered":"http:\/\/indomerch.fr\/?post_type=product&#038;p=456"},"modified":"2021-04-13T19:16:28","modified_gmt":"2021-04-13T17:16:28","slug":"t-shirt-la-republique-des-meteors-2020-2","status":"publish","type":"product","link":"https:\/\/indomerch.fr\/index.php\/produit\/t-shirt-la-republique-des-meteors-2020-2\/","title":{"rendered":"T-shirt \u00ab La R\u00e9publique des Meteors \u00bb (2020)"},"content":{"rendered":"","protected":false},"excerpt":{"rendered":"<p>Visuel de la pochette de l\u2019album \u00ab La R\u00e9publique des Meteors \u00bb sur l\u2019int\u00e9gralit\u00e9 de la face avant (total print). Nom de l\u2019album au dos du t-shirt.<\/p>\n<p>Il \u00e9tait en pr\u00e9commande en ligne le 17 ao\u00fbt 2020, puis vendu entre le 28 et le 31 ao\u00fbt 2020 au Pop-Up Store \u00e0 Paris.<br \/>\nIl a ensuite \u00e9t\u00e9 vendu sur l\u2019IndoShop \u00e0 compter du 10 septembre 2020 au prix de 35 \u20ac.<\/p>\n","protected":false},"featured_media":357,"template":"","meta":[],"product_cat":[33],"product_tag":[21,109,56],"_links":{"self":[{"href":"https:\/\/indomerch.fr\/index.php\/wp-json\/wp\/v2\/product\/456"}],"collection":[{"href":"https:\/\/indomerch.fr\/index.php\/wp-json\/wp\/v2\/product"}],"about":[{"href":"https:\/\/indomerch.fr\/index.php\/wp-json\/wp\/v2\/types\/product"}],"version-history":[{"count":1,"href":"https:\/\/indomerch.fr\/index.php\/wp-json\/wp\/v2\/product\/456\/revisions"}],"predecessor-version":[{"id":457,"href":"https:\/\/indomerch.fr\/index.php\/wp-json\/wp\/v2\/product\/456\/revisions\/457"}],"wp:featuredmedia":[{"embeddable":true,"href":"https:\/\/indomerch.fr\/index.php\/wp-json\/wp\/v2\/media\/357"}],"wp:attachment":[{"href":"https:\/\/indomerch.fr\/index.php\/wp-json\/wp\/v2\/media?parent=456"}],"wp:term":[{"taxonomy":"product_cat","embeddable":true,"href":"https:\/\/indomerch.fr\/index.php\/wp-json\/wp\/v2\/product_cat?post=456"},{"taxonomy":"product_tag","embeddable":true,"href":"https:\/\/indomerch.fr\/index.php\/wp-json\/wp\/v2\/product_tag?post=456"}],"curies":[{"name":"wp","href":"https:\/\/api.w.org\/{rel}","templated":true}]}}