{"id":458,"date":"2021-04-13T19:26:11","date_gmt":"2021-04-13T17:26:11","guid":{"rendered":"http:\/\/indomerch.fr\/?post_type=product&#038;p=458"},"modified":"2024-02-03T18:53:21","modified_gmt":"2024-02-03T17:53:21","slug":"t-shirt-paradize-10-2","status":"publish","type":"product","link":"https:\/\/indomerch.fr\/index.php\/produit\/t-shirt-paradize-10-2\/","title":{"rendered":"T-shirt \u00ab\u00a0Paradize +10\u00a0\u00bb"},"content":{"rendered":"","protected":false},"excerpt":{"rendered":"<p>Vendu au Z\u00e9nith de Paris lors des concerts des 1er et 2 f\u00e9vrier 2012 pour les dix ans de l&rsquo;album Paradize. Il a ensuite \u00e9t\u00e9 mis en ligne sur l&rsquo;Indoshop le 6 f\u00e9vrier, au prix de 25 \u20ac. Ce mod\u00e8le existe en deux coupes : homme et femme.<\/p>\n","protected":false},"featured_media":263,"template":"","meta":[],"product_cat":[31],"product_tag":[43,110,111],"_links":{"self":[{"href":"https:\/\/indomerch.fr\/index.php\/wp-json\/wp\/v2\/product\/458"}],"collection":[{"href":"https:\/\/indomerch.fr\/index.php\/wp-json\/wp\/v2\/product"}],"about":[{"href":"https:\/\/indomerch.fr\/index.php\/wp-json\/wp\/v2\/types\/product"}],"version-history":[{"count":4,"href":"https:\/\/indomerch.fr\/index.php\/wp-json\/wp\/v2\/product\/458\/revisions"}],"predecessor-version":[{"id":2323,"href":"https:\/\/indomerch.fr\/index.php\/wp-json\/wp\/v2\/product\/458\/revisions\/2323"}],"wp:featuredmedia":[{"embeddable":true,"href":"https:\/\/indomerch.fr\/index.php\/wp-json\/wp\/v2\/media\/263"}],"wp:attachment":[{"href":"https:\/\/indomerch.fr\/index.php\/wp-json\/wp\/v2\/media?parent=458"}],"wp:term":[{"taxonomy":"product_cat","embeddable":true,"href":"https:\/\/indomerch.fr\/index.php\/wp-json\/wp\/v2\/product_cat?post=458"},{"taxonomy":"product_tag","embeddable":true,"href":"https:\/\/indomerch.fr\/index.php\/wp-json\/wp\/v2\/product_tag?post=458"}],"curies":[{"name":"wp","href":"https:\/\/api.w.org\/{rel}","templated":true}]}}