{"id":460,"date":"2021-04-13T19:31:20","date_gmt":"2021-04-13T17:31:20","guid":{"rendered":"http:\/\/indomerch.fr\/?post_type=product&#038;p=460"},"modified":"2021-04-13T19:31:20","modified_gmt":"2021-04-13T17:31:20","slug":"t-shirt-peril-jaune-2010-2","status":"publish","type":"product","link":"https:\/\/indomerch.fr\/index.php\/produit\/t-shirt-peril-jaune-2010-2\/","title":{"rendered":"T-shirt \u00ab\u00a0P\u00e9ril Jaune\u00a0\u00bb (2010)"},"content":{"rendered":"","protected":false},"excerpt":{"rendered":"<p>R\u00e9\u00e9dition du t-shirt \u00ab\u00a0P\u00e9ril Jaune\u00a0\u00bb vendu dans les ann\u00e9es 80. Il s&rsquo;agit du mod\u00e8le femme, imprim\u00e9 sur une base int\u00e9gralement verte (le mod\u00e8le homme est imprim\u00e9 sur fond blanc).<\/p>\n<p>Il \u00e9tait vendu 25 \u20ac le 26 juin 2010 sur les stands du merchandising du \u00ab\u00a0Putain de Stade\u00a0\u00bb. Il a ensuite \u00e9t\u00e9 mis en ligne sur l&rsquo;IndoShop afin d&rsquo;\u00e9couler les derniers mod\u00e8les.<\/p>\n<p>&nbsp;<\/p>\n","protected":false},"featured_media":209,"template":"","meta":[],"product_cat":[23],"product_tag":[112,111],"_links":{"self":[{"href":"https:\/\/indomerch.fr\/index.php\/wp-json\/wp\/v2\/product\/460"}],"collection":[{"href":"https:\/\/indomerch.fr\/index.php\/wp-json\/wp\/v2\/product"}],"about":[{"href":"https:\/\/indomerch.fr\/index.php\/wp-json\/wp\/v2\/types\/product"}],"version-history":[{"count":1,"href":"https:\/\/indomerch.fr\/index.php\/wp-json\/wp\/v2\/product\/460\/revisions"}],"predecessor-version":[{"id":461,"href":"https:\/\/indomerch.fr\/index.php\/wp-json\/wp\/v2\/product\/460\/revisions\/461"}],"wp:featuredmedia":[{"embeddable":true,"href":"https:\/\/indomerch.fr\/index.php\/wp-json\/wp\/v2\/media\/209"}],"wp:attachment":[{"href":"https:\/\/indomerch.fr\/index.php\/wp-json\/wp\/v2\/media?parent=460"}],"wp:term":[{"taxonomy":"product_cat","embeddable":true,"href":"https:\/\/indomerch.fr\/index.php\/wp-json\/wp\/v2\/product_cat?post=460"},{"taxonomy":"product_tag","embeddable":true,"href":"https:\/\/indomerch.fr\/index.php\/wp-json\/wp\/v2\/product_tag?post=460"}],"curies":[{"name":"wp","href":"https:\/\/api.w.org\/{rel}","templated":true}]}}