{"id":471,"date":"2021-04-15T16:42:42","date_gmt":"2021-04-15T14:42:42","guid":{"rendered":"http:\/\/indomerch.fr\/?post_type=product&#038;p=471"},"modified":"2021-05-09T00:57:26","modified_gmt":"2021-05-08T22:57:26","slug":"badges-londres","status":"publish","type":"product","link":"https:\/\/indomerch.fr\/index.php\/produit\/badges-londres\/","title":{"rendered":"Lot de 3 badges \u00ab\u00a0Londres\u00a0\u00bb"},"content":{"rendered":"","protected":false},"excerpt":{"rendered":"<p>Lot de 3 badges vendu \u00e0 l&rsquo;occasion du concert \u00e0 Londres au Shepherd&rsquo;s Bush Empire le 14 juillet 2014, puis, vendu en ligne sur l&rsquo;Indoshop \u00e0 compter du 1er septembre 2014 au prix de 15 \u20ac (le 14 juillet 2014) et 10 \u20ac (en ligne).<\/p>\n","protected":false},"featured_media":462,"template":"","meta":[],"product_cat":[34],"product_tag":[113,78,114],"_links":{"self":[{"href":"https:\/\/indomerch.fr\/index.php\/wp-json\/wp\/v2\/product\/471"}],"collection":[{"href":"https:\/\/indomerch.fr\/index.php\/wp-json\/wp\/v2\/product"}],"about":[{"href":"https:\/\/indomerch.fr\/index.php\/wp-json\/wp\/v2\/types\/product"}],"version-history":[{"count":2,"href":"https:\/\/indomerch.fr\/index.php\/wp-json\/wp\/v2\/product\/471\/revisions"}],"predecessor-version":[{"id":761,"href":"https:\/\/indomerch.fr\/index.php\/wp-json\/wp\/v2\/product\/471\/revisions\/761"}],"wp:featuredmedia":[{"embeddable":true,"href":"https:\/\/indomerch.fr\/index.php\/wp-json\/wp\/v2\/media\/462"}],"wp:attachment":[{"href":"https:\/\/indomerch.fr\/index.php\/wp-json\/wp\/v2\/media?parent=471"}],"wp:term":[{"taxonomy":"product_cat","embeddable":true,"href":"https:\/\/indomerch.fr\/index.php\/wp-json\/wp\/v2\/product_cat?post=471"},{"taxonomy":"product_tag","embeddable":true,"href":"https:\/\/indomerch.fr\/index.php\/wp-json\/wp\/v2\/product_tag?post=471"}],"curies":[{"name":"wp","href":"https:\/\/api.w.org\/{rel}","templated":true}]}}