{"id":480,"date":"2021-04-15T16:58:15","date_gmt":"2021-04-15T14:58:15","guid":{"rendered":"http:\/\/indomerch.fr\/?post_type=product&#038;p=480"},"modified":"2021-04-21T16:14:26","modified_gmt":"2021-04-21T14:14:26","slug":"t-shirt-13-2020","status":"publish","type":"product","link":"https:\/\/indomerch.fr\/index.php\/produit\/t-shirt-13-2020\/","title":{"rendered":"T-shirt \u00ab 13 \u00bb (2020)"},"content":{"rendered":"","protected":false},"excerpt":{"rendered":"<p><span class=\"\">Visuel de la pochette de l\u2019album \u00ab 13 \u00bb sur l\u2019int\u00e9gralit\u00e9 de la face avant (total print). Nom de l\u2019album au dos du t-shirt.<\/span><\/p>\n<p>Il \u00e9tait en pr\u00e9commande en ligne le 17 ao\u00fbt 2020, puis vendu entre le 28 et le 31 ao\u00fbt 2020 au Pop-Up Store \u00e0 Paris. Il a ensuite \u00e9t\u00e9 vendu sur l\u2019IndoShop \u00e0 compter du 10 septembre 2020 au prix de 35 \u20ac.<\/p>\n","protected":false},"featured_media":466,"template":"","meta":[],"product_cat":[125],"product_tag":[21,45,56],"_links":{"self":[{"href":"https:\/\/indomerch.fr\/index.php\/wp-json\/wp\/v2\/product\/480"}],"collection":[{"href":"https:\/\/indomerch.fr\/index.php\/wp-json\/wp\/v2\/product"}],"about":[{"href":"https:\/\/indomerch.fr\/index.php\/wp-json\/wp\/v2\/types\/product"}],"version-history":[{"count":1,"href":"https:\/\/indomerch.fr\/index.php\/wp-json\/wp\/v2\/product\/480\/revisions"}],"predecessor-version":[{"id":481,"href":"https:\/\/indomerch.fr\/index.php\/wp-json\/wp\/v2\/product\/480\/revisions\/481"}],"wp:featuredmedia":[{"embeddable":true,"href":"https:\/\/indomerch.fr\/index.php\/wp-json\/wp\/v2\/media\/466"}],"wp:attachment":[{"href":"https:\/\/indomerch.fr\/index.php\/wp-json\/wp\/v2\/media?parent=480"}],"wp:term":[{"taxonomy":"product_cat","embeddable":true,"href":"https:\/\/indomerch.fr\/index.php\/wp-json\/wp\/v2\/product_cat?post=480"},{"taxonomy":"product_tag","embeddable":true,"href":"https:\/\/indomerch.fr\/index.php\/wp-json\/wp\/v2\/product_tag?post=480"}],"curies":[{"name":"wp","href":"https:\/\/api.w.org\/{rel}","templated":true}]}}