{"id":512,"date":"2021-04-16T17:39:50","date_gmt":"2021-04-16T15:39:50","guid":{"rendered":"http:\/\/indomerch.fr\/?post_type=product&#038;p=512"},"modified":"2021-04-21T16:14:16","modified_gmt":"2021-04-21T14:14:16","slug":"pack-indosafe","status":"publish","type":"product","link":"https:\/\/indomerch.fr\/index.php\/produit\/pack-indosafe\/","title":{"rendered":"Pack \u00ab\u00a0IndoSafe\u00a0\u00bb"},"content":{"rendered":"","protected":false},"excerpt":{"rendered":"<p>Pack regroupant un masque de protection \u00e0 usage non-sanitaire lavable, et une solution hydroalcoolique de 100 mL.<\/p>\n<p>L\u2019int\u00e9gralit\u00e9 des b\u00e9n\u00e9fices de ce pack (masque + gel) a \u00e9t\u00e9 revers\u00e9e \u00e0 La Fondation \u00ab\u00a0H\u00f4pitaux de Paris \u2013 H\u00f4pitaux de France\u00a0\u00bb.<\/p>\n<p>Mis en ligne sur l&rsquo;IndoShop le 26 mai 2020 au prix de 15 \u20ac.<\/p>\n","protected":false},"featured_media":502,"template":"","meta":[],"product_cat":[125],"product_tag":[21,95,117],"_links":{"self":[{"href":"https:\/\/indomerch.fr\/index.php\/wp-json\/wp\/v2\/product\/512"}],"collection":[{"href":"https:\/\/indomerch.fr\/index.php\/wp-json\/wp\/v2\/product"}],"about":[{"href":"https:\/\/indomerch.fr\/index.php\/wp-json\/wp\/v2\/types\/product"}],"version-history":[{"count":4,"href":"https:\/\/indomerch.fr\/index.php\/wp-json\/wp\/v2\/product\/512\/revisions"}],"predecessor-version":[{"id":552,"href":"https:\/\/indomerch.fr\/index.php\/wp-json\/wp\/v2\/product\/512\/revisions\/552"}],"wp:featuredmedia":[{"embeddable":true,"href":"https:\/\/indomerch.fr\/index.php\/wp-json\/wp\/v2\/media\/502"}],"wp:attachment":[{"href":"https:\/\/indomerch.fr\/index.php\/wp-json\/wp\/v2\/media?parent=512"}],"wp:term":[{"taxonomy":"product_cat","embeddable":true,"href":"https:\/\/indomerch.fr\/index.php\/wp-json\/wp\/v2\/product_cat?post=512"},{"taxonomy":"product_tag","embeddable":true,"href":"https:\/\/indomerch.fr\/index.php\/wp-json\/wp\/v2\/product_tag?post=512"}],"curies":[{"name":"wp","href":"https:\/\/api.w.org\/{rel}","templated":true}]}}