{"id":514,"date":"2021-04-16T17:44:02","date_gmt":"2021-04-16T15:44:02","guid":{"rendered":"http:\/\/indomerch.fr\/?post_type=product&#038;p=514"},"modified":"2021-04-21T16:14:05","modified_gmt":"2021-04-21T14:14:05","slug":"stickers-indo-40","status":"publish","type":"product","link":"https:\/\/indomerch.fr\/index.php\/produit\/stickers-indo-40\/","title":{"rendered":"Stickers \u00ab\u00a0Indo 40\u00a0\u00bb"},"content":{"rendered":"","protected":false},"excerpt":{"rendered":"<p>Planche de 19 stickers pr\u00e9d\u00e9coup\u00e9s autocollants en format 44 cm x 22 cm.<\/p>\n<p>Mise en vente entre le 28 et le 31 ao\u00fbt 2020 \u00e0 la boutique \u00e9ph\u00e9m\u00e8re \u00e0 Paris puis en ligne \u00e0 compter du 10 septembre 2020 au prix de 15 \u20ac.<\/p>\n","protected":false},"featured_media":505,"template":"","meta":[],"product_cat":[125],"product_tag":[21,118],"_links":{"self":[{"href":"https:\/\/indomerch.fr\/index.php\/wp-json\/wp\/v2\/product\/514"}],"collection":[{"href":"https:\/\/indomerch.fr\/index.php\/wp-json\/wp\/v2\/product"}],"about":[{"href":"https:\/\/indomerch.fr\/index.php\/wp-json\/wp\/v2\/types\/product"}],"version-history":[{"count":1,"href":"https:\/\/indomerch.fr\/index.php\/wp-json\/wp\/v2\/product\/514\/revisions"}],"predecessor-version":[{"id":515,"href":"https:\/\/indomerch.fr\/index.php\/wp-json\/wp\/v2\/product\/514\/revisions\/515"}],"wp:featuredmedia":[{"embeddable":true,"href":"https:\/\/indomerch.fr\/index.php\/wp-json\/wp\/v2\/media\/505"}],"wp:attachment":[{"href":"https:\/\/indomerch.fr\/index.php\/wp-json\/wp\/v2\/media?parent=514"}],"wp:term":[{"taxonomy":"product_cat","embeddable":true,"href":"https:\/\/indomerch.fr\/index.php\/wp-json\/wp\/v2\/product_cat?post=514"},{"taxonomy":"product_tag","embeddable":true,"href":"https:\/\/indomerch.fr\/index.php\/wp-json\/wp\/v2\/product_tag?post=514"}],"curies":[{"name":"wp","href":"https:\/\/api.w.org\/{rel}","templated":true}]}}